{"id":170,"date":"2019-09-29T17:06:03","date_gmt":"2019-09-29T17:06:03","guid":{"rendered":"http:\/\/shop.xn--altmhl-bogensport-52b.de\/?post_type=product&#038;p=170"},"modified":"2025-11-03T15:22:57","modified_gmt":"2025-11-03T15:22:57","slug":"avalon-release-pouch-guerteltasche","status":"publish","type":"product","link":"https:\/\/shop.xn--altmhl-bogensport-52b.de\/?product=avalon-release-pouch-guerteltasche","title":{"rendered":"AVALON Release pouch &#8211; G\u00fcrteltasche"},"content":{"rendered":"<div style=\"text-align: center;\"><span style=\"color: #002cfd; font-size: xx-large;\"><b>Release Pouch <\/b><\/span><\/div>\n<div style=\"text-align: center;\"><span style=\"color: #002cfd; font-size: xx-large;\"><b>G\u00fcrteltasche<\/b><\/span><\/div>\n<div style=\"text-align: center;\"><span style=\"color: #002cfd; font-size: xx-large;\"><b>\u00a0<\/b><\/span><\/div>\n<div style=\"text-align: center;\"><span style=\"color: #002cfd; font-size: xx-large;\"><b>Praktische kleine Tasche zum Aufbewahren des Releases oder Tabs, auch zum Tragen einer Trinkflasche geeignet.<\/b><\/span><\/div>\n<div style=\"text-align: center;\">\n<p>Vom Preis-Leistungsverh\u00e4ltnis ein echtes Must-Have.<\/p>\n<ul>\n<li>Material: Nylon<\/li>\n<li>Verschlu\u00df mit Kordel<\/li>\n<li>Durchmesser ca. 12cm<\/li>\n<li>H\u00f6he ca. 15cm<\/li>\n<li>Gewicht: ca. 137gramm<\/li>\n<li>praktische Gummischlinge au\u00dfen zum Anh\u00e4ngen von weiterem\u00a0Zubeh\u00f6r<\/li>\n<li>Breite Schlaufe au\u00dfen f\u00fcr den G\u00fcrtel<\/li>\n<\/ul>\n<\/div>\n<div style=\"text-align: center;\"><span style=\"color: #002cfd; font-size: x-large;\">\u00a0<\/span><\/div>\n<div style=\"text-align: center;\"><span style=\"color: #002cfd; font-size: x-large;\">\u00a0<\/span><\/div>\n<div style=\"text-align: center;\"><span style=\"color: #002cfd; font-size: x-large;\">Lieferumfang: Tasche ohne Inhalt<\/span><\/div>\n<div><\/div>\n<div><strong>Herstellername:<\/strong><br \/>\nS.S.A. Sporting Goods NV<br \/>\n<strong>Anschrift:<\/strong><br \/>\nJohn Cordierlaan 15, 8400 Ostende<br \/>\n<strong>Herkunftsland:<\/strong><br \/>\nBelgien<br \/>\n<strong>Webseite:<\/strong><br \/>\nhttps:\/\/www.ssa-archery.com\/de-de\/<br \/>\n<strong>Kontakt:<\/strong><br \/>\nhttps:\/\/www.ssa-archery.com\/de-de\/contact-us<br \/>\n<strong>Marke:<\/strong><br \/>\nAvalon<\/div>\n","protected":false},"excerpt":{"rendered":"<p>Release Pouch Avalon<\/p>\n","protected":false},"featured_media":171,"comment_status":"open","ping_status":"closed","template":"","meta":[],"product_brand":[],"product_cat":[454,1448,75],"product_tag":[78,79,848,76,77],"class_list":{"0":"post-170","1":"product","2":"type-product","3":"status-publish","4":"has-post-thumbnail","6":"product_cat-seitenkoecher","7":"product_cat-inventurabverkauf","8":"product_cat-guerteltaschen","9":"product_tag-pouch","10":"product_tag-releasepouch","11":"product_tag-flaschentasche","12":"product_tag-guerteltasche","13":"product_tag-release","15":"first","16":"onbackorder","17":"taxable","18":"shipping-taxable","19":"purchasable","20":"product-type-variable"},"_links":{"self":[{"href":"https:\/\/shop.xn--altmhl-bogensport-52b.de\/index.php?rest_route=\/wp\/v2\/product\/170","targetHints":{"allow":["GET"]}}],"collection":[{"href":"https:\/\/shop.xn--altmhl-bogensport-52b.de\/index.php?rest_route=\/wp\/v2\/product"}],"about":[{"href":"https:\/\/shop.xn--altmhl-bogensport-52b.de\/index.php?rest_route=\/wp\/v2\/types\/product"}],"replies":[{"embeddable":true,"href":"https:\/\/shop.xn--altmhl-bogensport-52b.de\/index.php?rest_route=%2Fwp%2Fv2%2Fcomments&post=170"}],"wp:featuredmedia":[{"embeddable":true,"href":"https:\/\/shop.xn--altmhl-bogensport-52b.de\/index.php?rest_route=\/wp\/v2\/media\/171"}],"wp:attachment":[{"href":"https:\/\/shop.xn--altmhl-bogensport-52b.de\/index.php?rest_route=%2Fwp%2Fv2%2Fmedia&parent=170"}],"wp:term":[{"taxonomy":"product_brand","embeddable":true,"href":"https:\/\/shop.xn--altmhl-bogensport-52b.de\/index.php?rest_route=%2Fwp%2Fv2%2Fproduct_brand&post=170"},{"taxonomy":"product_cat","embeddable":true,"href":"https:\/\/shop.xn--altmhl-bogensport-52b.de\/index.php?rest_route=%2Fwp%2Fv2%2Fproduct_cat&post=170"},{"taxonomy":"product_tag","embeddable":true,"href":"https:\/\/shop.xn--altmhl-bogensport-52b.de\/index.php?rest_route=%2Fwp%2Fv2%2Fproduct_tag&post=170"}],"curies":[{"name":"wp","href":"https:\/\/api.w.org\/{rel}","templated":true}]}}