{"id":1689,"date":"2021-09-06T08:44:49","date_gmt":"2021-09-06T08:44:49","guid":{"rendered":"https:\/\/shop.xn--altmhl-bogensport-52b.de\/?post_type=product&#038;p=1689"},"modified":"2025-03-12T19:09:21","modified_gmt":"2025-03-12T19:09:21","slug":"ambiorix-bogentasche-hunting-bow-braun-fuer-takedown-recurvebogen-hybridbogen","status":"publish","type":"product","link":"https:\/\/shop.xn--altmhl-bogensport-52b.de\/?product=ambiorix-bogentasche-hunting-bow-braun-fuer-takedown-recurvebogen-hybridbogen","title":{"rendered":"Ambiorix Bogentasche &#8221; Hunting Bow&#8221; braun f\u00fcr Takedown Recurvebogen Hybridbogen"},"content":{"rendered":"<p>Die Ambiorix Bogentasche\u00a0 &#8221; hunting bow&#8221; ist mit einem dicken Innenfutter versehen, um den Bogen sicher zu verstauen und vor Besch\u00e4digungen zu sch\u00fctzen. Zus\u00e4tzlich ist die Bogentasche vorne mit einer kleinen Zubeh\u00f6rtasche ausgestattet.<\/p>\n<p>Tasche wird mit Rei\u00dfverschlu\u00df verschlossen.<\/p>\n<p>Es gibt einen Tragegriff\u00a0 zum Transport.<\/p>\n<p>In der Bogentasche findet ein Recurve mit 64&#8243; L\u00e4nge problemlos ausreichend Platz.<\/p>\n<ul>\n<li>Farbe:\u00a0 \u00a0braun<\/li>\n<li>L\u00e4nge: 162 cm<\/li>\n<li>Breite: 22 cm<\/li>\n<\/ul>\n<h3>HOCHWERTIGE BOGENTASCHE MIT VIEL STAURAUM<\/h3>\n<p>&nbsp;<\/p>\n<p>Herstellerangaben:<\/p>\n<p><strong>Dream Bow Factory Distribution GmbH,<\/strong><\/p>\n<p><strong>Saarstr. 100, 55765 Birkenfeld,<\/strong><\/p>\n<p><strong>Germany<\/strong><\/p>\n<p>info@dreambowfactory.eu<\/p>\n","protected":false},"excerpt":{"rendered":"<p>Bogentasche hunting bow<\/p>\n","protected":false},"featured_media":1690,"comment_status":"open","ping_status":"closed","template":"","meta":[],"product_brand":[],"product_cat":[33,204],"product_tag":[156,181,515,1459],"class_list":{"0":"post-1689","1":"product","2":"type-product","3":"status-publish","4":"has-post-thumbnail","6":"product_cat-bogenhuellen-taschen","7":"product_cat-bogenzubehoer","8":"product_tag-bogentasche","9":"product_tag-recurvebogen","10":"product_tag-ambiorix","11":"product_tag-hunting-bow","13":"first","14":"instock","15":"sale","16":"taxable","17":"shipping-taxable","18":"purchasable","19":"product-type-simple"},"_links":{"self":[{"href":"https:\/\/shop.xn--altmhl-bogensport-52b.de\/index.php?rest_route=\/wp\/v2\/product\/1689","targetHints":{"allow":["GET"]}}],"collection":[{"href":"https:\/\/shop.xn--altmhl-bogensport-52b.de\/index.php?rest_route=\/wp\/v2\/product"}],"about":[{"href":"https:\/\/shop.xn--altmhl-bogensport-52b.de\/index.php?rest_route=\/wp\/v2\/types\/product"}],"replies":[{"embeddable":true,"href":"https:\/\/shop.xn--altmhl-bogensport-52b.de\/index.php?rest_route=%2Fwp%2Fv2%2Fcomments&post=1689"}],"wp:featuredmedia":[{"embeddable":true,"href":"https:\/\/shop.xn--altmhl-bogensport-52b.de\/index.php?rest_route=\/wp\/v2\/media\/1690"}],"wp:attachment":[{"href":"https:\/\/shop.xn--altmhl-bogensport-52b.de\/index.php?rest_route=%2Fwp%2Fv2%2Fmedia&parent=1689"}],"wp:term":[{"taxonomy":"product_brand","embeddable":true,"href":"https:\/\/shop.xn--altmhl-bogensport-52b.de\/index.php?rest_route=%2Fwp%2Fv2%2Fproduct_brand&post=1689"},{"taxonomy":"product_cat","embeddable":true,"href":"https:\/\/shop.xn--altmhl-bogensport-52b.de\/index.php?rest_route=%2Fwp%2Fv2%2Fproduct_cat&post=1689"},{"taxonomy":"product_tag","embeddable":true,"href":"https:\/\/shop.xn--altmhl-bogensport-52b.de\/index.php?rest_route=%2Fwp%2Fv2%2Fproduct_tag&post=1689"}],"curies":[{"name":"wp","href":"https:\/\/api.w.org\/{rel}","templated":true}]}}