{"id":1629,"date":"2021-09-05T08:43:25","date_gmt":"2021-09-05T08:43:25","guid":{"rendered":"https:\/\/shop.xn--altmhl-bogensport-52b.de\/?post_type=product&#038;p=1629"},"modified":"2025-12-17T16:03:27","modified_gmt":"2025-12-17T16:03:27","slug":"tophat-protector-ring","status":"publish","type":"product","link":"https:\/\/shop.xn--altmhl-bogensport-52b.de\/?product=tophat-protector-ring","title":{"rendered":"TOPHAT\u00ae PROTECTOR RING"},"content":{"rendered":"<h2 id=\"productTitle\">TopHat\u00ae\u00a0PROTECTOR RING<\/h2>\n<p>Der Protector Ring wird auf den Carbonschaft gesteckt und mit Sekundenkleber (z.B.\u00a0<a href=\"https:\/\/www.arrowforge.de\/epages\/63122672.sf\/de_DE\/?ObjectPath=\/Shops\/63122672\/Products\/BPBond\" data-link-type=\"tree\" data-type=\"linkpicker\">Bearpaw Archery Glue<\/a>) festgeklebt. Der Ring umschlie\u00dft den Schaft und verhindert so ein Aufpilzen beim Aufschlag. Die Haltbarkeit Ihrer Carbonsch\u00e4fte kann so deutlich erh\u00f6ht werden.<\/p>\n<p>Zuerst wird der Ring aufgesteckt und festgeklebt, danach das normale Insert.<\/p>\n<p>Es passen fast alle Spitzen. Ausgenommen: DURA oder Protector Spitzen.<\/p>\n<p>Es passen fast alle Inserts. Ausgenommen: Protector Inserts<\/p>\n<p>Der Ring wiegt nur 5grain.<\/p>\n<p>&nbsp;<\/p>\n<table class=\"table table-sm\">\n<tbody>\n<tr class=\"attr-custom\">\n<td class=\"attr-value\"><strong>Herstellername:<\/strong><br \/>\nArc&amp;Us UG<br \/>\n<strong>Anschrift:<\/strong><br \/>\nWiesentalstr. 79, 79618 Rheinfelden<br \/>\n<strong>Herkunftsland:<\/strong><br \/>\nDeutschland<br \/>\n<strong>Webseite:<\/strong><br \/>\nhttps:\/\/tophatarchery.com\/<br \/>\n<strong>Kontakt:<\/strong><br \/>\nsupport@tophatarchery.com<br \/>\n<strong>Marke:<\/strong><br \/>\nTophat<\/td>\n<\/tr>\n<\/tbody>\n<\/table>\n","protected":false},"excerpt":{"rendered":"<p>Protectorring<\/p>\n","protected":false},"featured_media":1630,"comment_status":"open","ping_status":"closed","template":"","meta":[],"product_brand":[],"product_cat":[197,438],"product_tag":[503,504,1460,1461,83],"class_list":{"0":"post-1629","1":"product","2":"type-product","3":"status-publish","4":"has-post-thumbnail","6":"product_cat-inserts","7":"product_cat-spitzen-carbon-u-alupfeile","8":"product_tag-protectorring","9":"product_tag-protector","10":"product_tag-collar","11":"product_tag-schutzring","12":"product_tag-tophat","14":"first","15":"instock","16":"taxable","17":"shipping-taxable","18":"purchasable","19":"product-type-variable"},"_links":{"self":[{"href":"https:\/\/shop.xn--altmhl-bogensport-52b.de\/index.php?rest_route=\/wp\/v2\/product\/1629","targetHints":{"allow":["GET"]}}],"collection":[{"href":"https:\/\/shop.xn--altmhl-bogensport-52b.de\/index.php?rest_route=\/wp\/v2\/product"}],"about":[{"href":"https:\/\/shop.xn--altmhl-bogensport-52b.de\/index.php?rest_route=\/wp\/v2\/types\/product"}],"replies":[{"embeddable":true,"href":"https:\/\/shop.xn--altmhl-bogensport-52b.de\/index.php?rest_route=%2Fwp%2Fv2%2Fcomments&post=1629"}],"wp:featuredmedia":[{"embeddable":true,"href":"https:\/\/shop.xn--altmhl-bogensport-52b.de\/index.php?rest_route=\/wp\/v2\/media\/1630"}],"wp:attachment":[{"href":"https:\/\/shop.xn--altmhl-bogensport-52b.de\/index.php?rest_route=%2Fwp%2Fv2%2Fmedia&parent=1629"}],"wp:term":[{"taxonomy":"product_brand","embeddable":true,"href":"https:\/\/shop.xn--altmhl-bogensport-52b.de\/index.php?rest_route=%2Fwp%2Fv2%2Fproduct_brand&post=1629"},{"taxonomy":"product_cat","embeddable":true,"href":"https:\/\/shop.xn--altmhl-bogensport-52b.de\/index.php?rest_route=%2Fwp%2Fv2%2Fproduct_cat&post=1629"},{"taxonomy":"product_tag","embeddable":true,"href":"https:\/\/shop.xn--altmhl-bogensport-52b.de\/index.php?rest_route=%2Fwp%2Fv2%2Fproduct_tag&post=1629"}],"curies":[{"name":"wp","href":"https:\/\/api.w.org\/{rel}","templated":true}]}}