{"id":1584,"date":"2021-09-03T13:03:55","date_gmt":"2021-09-03T13:03:55","guid":{"rendered":"https:\/\/shop.xn--altmhl-bogensport-52b.de\/?post_type=product&#038;p=1584"},"modified":"2025-09-10T17:43:06","modified_gmt":"2025-09-10T17:43:06","slug":"mfh-hueft-und-schultertragetasche-hip-bag","status":"publish","type":"product","link":"https:\/\/shop.xn--altmhl-bogensport-52b.de\/?product=mfh-hueft-und-schultertragetasche-hip-bag","title":{"rendered":"MFH H\u00fcft- und Schultertragetasche Hip Bag"},"content":{"rendered":"<h2>MFH\u00a0H\u00dcFT- UND SCHULTERTRAGETASCHE OLIV<\/h2>\n<p>Diese\u00a0praktische Tasche aus Polyester kann sowohl als H\u00fcfttasche, als auch als Schultertragetasche verwendet werden. Sie hat zwei praktische Clickverschl\u00fcsse und\u00a0einen Tragegriff oben. Der\u00a0Schultergurt ist verstellbar und abnehmbar.<\/p>\n<p>Am G\u00fcrtel ( bis 5 cm Breite) kann die Tasche mittels Druckkn\u00f6pfen befestigt werden.\u00a0An der G\u00fcrtelbefestigung befinden sich 4\u00a0Kunststoff D-Ringe.<\/p>\n<p>Es gibt ein gro\u00dfes Hauptfach mit einem Rei\u00dfverschluss, dass innen durch ein Netz in zwei F\u00e4cher geteilt ist. An den Seiten befinden sich aufgesetzte Taschen (ca. 13&#215;7,5&#215;6 cm) mit Rei\u00dfverschluss und Schlaufen. Vorn ist ebenfalls eine Tasche (ca. 18&#215;14,5 cm) aufgesetzt, die \u00fcber 3 Einschubf\u00e4cher verf\u00fcgt. An ihr befinden sich ebenfalls Schlaufen.<\/p>\n<h3>DATEN:<\/h3>\n<ul>\n<li>Ma\u00dfe: ca. 30x16x8 cm<\/li>\n<\/ul>\n<p><strong>Herstellername:<\/strong><br \/>\nMax Fuchs AG<br \/>\n<strong>Anschrift:<\/strong><br \/>\nIndustriestrasse 1, 94078 Freyung<br \/>\n<strong>Herkunftsland:<\/strong><br \/>\nDeutschland<br \/>\n<strong>Webseite:<\/strong><br \/>\nhttps:\/\/max-fuchs.de\/<br \/>\n<strong>Kontakt:<\/strong><br \/>\ninfo@max-fuchs.de<br \/>\n<strong>Marke:<\/strong><br \/>\nMFH<\/p>\n","protected":false},"excerpt":{"rendered":"<p>MFH H\u00fcft- und Schultertragetasche. Farbe: Oliv. Mit Clickverschl\u00fcssen. Seitliche Taschen.<\/p>\n","protected":false},"featured_media":1585,"comment_status":"open","ping_status":"closed","template":"","meta":[],"product_brand":[],"product_cat":[462,75],"product_tag":[470,466,467,468,469],"class_list":{"0":"post-1584","1":"product","2":"type-product","3":"status-publish","4":"has-post-thumbnail","6":"product_cat-guerteltaschen-taschen","7":"product_cat-guerteltaschen","8":"product_tag-umhaengetasche","9":"product_tag-hip-bag","10":"product_tag-huetftasche","11":"product_tag-escape-bag","12":"product_tag-mfh","14":"first","15":"instock","16":"taxable","17":"shipping-taxable","18":"purchasable","19":"product-type-variable"},"_links":{"self":[{"href":"https:\/\/shop.xn--altmhl-bogensport-52b.de\/index.php?rest_route=\/wp\/v2\/product\/1584","targetHints":{"allow":["GET"]}}],"collection":[{"href":"https:\/\/shop.xn--altmhl-bogensport-52b.de\/index.php?rest_route=\/wp\/v2\/product"}],"about":[{"href":"https:\/\/shop.xn--altmhl-bogensport-52b.de\/index.php?rest_route=\/wp\/v2\/types\/product"}],"replies":[{"embeddable":true,"href":"https:\/\/shop.xn--altmhl-bogensport-52b.de\/index.php?rest_route=%2Fwp%2Fv2%2Fcomments&post=1584"}],"wp:featuredmedia":[{"embeddable":true,"href":"https:\/\/shop.xn--altmhl-bogensport-52b.de\/index.php?rest_route=\/wp\/v2\/media\/1585"}],"wp:attachment":[{"href":"https:\/\/shop.xn--altmhl-bogensport-52b.de\/index.php?rest_route=%2Fwp%2Fv2%2Fmedia&parent=1584"}],"wp:term":[{"taxonomy":"product_brand","embeddable":true,"href":"https:\/\/shop.xn--altmhl-bogensport-52b.de\/index.php?rest_route=%2Fwp%2Fv2%2Fproduct_brand&post=1584"},{"taxonomy":"product_cat","embeddable":true,"href":"https:\/\/shop.xn--altmhl-bogensport-52b.de\/index.php?rest_route=%2Fwp%2Fv2%2Fproduct_cat&post=1584"},{"taxonomy":"product_tag","embeddable":true,"href":"https:\/\/shop.xn--altmhl-bogensport-52b.de\/index.php?rest_route=%2Fwp%2Fv2%2Fproduct_tag&post=1584"}],"curies":[{"name":"wp","href":"https:\/\/api.w.org\/{rel}","templated":true}]}}