{"id":1536,"date":"2021-09-01T05:21:18","date_gmt":"2021-09-01T05:21:18","guid":{"rendered":"https:\/\/shop.xn--altmhl-bogensport-52b.de\/?post_type=product&#038;p=1536"},"modified":"2025-01-11T11:59:48","modified_gmt":"2025-01-11T11:59:48","slug":"bearpaw-seitenkoecher-sidepack","status":"publish","type":"product","link":"https:\/\/shop.xn--altmhl-bogensport-52b.de\/?product=bearpaw-seitenkoecher-sidepack","title":{"rendered":"Bearpaw Seitenk\u00f6cher Sidepack"},"content":{"rendered":"<p><b>Der Seitenk\u00f6cher Sidepack hat viele Extras f\u00fcr Dich!<\/b><\/p>\n<p>Wir haben dem Sidepack ein neues Gesicht verliehen und mit einigen Extras versehen. Die stilvolle Kombination aus honigbraunem und dunkelbraunem Wildleder verleiht diesem Seitenk\u00f6cher seine schlichte Eleganz. Zus\u00e4tzlich haben wir auf seiner Au\u00dfenseite 3 Pfeilschlaufen angebracht, damit bei Turnier und Training immer die richtigen Pfeile griffbereit sind. In der kleinen aufgesetzten Tasche findet die &#8220;Scorecard&#8221; Platz. Nat\u00fcrlich kann in einer der Pfeilschlaufen auch ein Stift sicher verstaut werden, um die Treffer gleich mitschreiben zu k\u00f6nnen.<\/p>\n<p>Die Qualit\u00e4t unseres Bearpaw Wildleders \u00fcberzeugt sofort. Von der Produktion des Leders bis hin zum letzten Nadelstich legen wir Wert auf jedes kleine Detail.<\/p>\n<p><b>Unser Sidepack ist ein preisg\u00fcnstiger Allrounder f\u00fcr den Einsatz bei Training und Turnier!<\/b><\/p>\n<ul>\n<li>Leder: Bearpaw Wildleder honigbraun und dunkelbraun<\/li>\n<li>L\u00e4nge: ca. 54 cm`<\/li>\n<\/ul>\n<p>Sie ben\u00f6tigen einen G\u00fcrtel um den K\u00f6cher zu tragen.<\/p>\n<p>Lieferung erfolgt ohne abgebildetes Zubeh\u00f6r.<\/p>\n<p>&nbsp;<\/p>\n<table class=\"table table-sm\">\n<tbody>\n<tr class=\"attr-custom\">\n<td class=\"attr-value\"><strong>Herstellername:<\/strong><br \/>\nBEARPAW GmbH<br \/>\n<strong>Anschrift:<\/strong><br \/>\nHannebach 30, 96269 Rossach<br \/>\n<strong>Herkunftsland:<\/strong><br \/>\nDeutschland<br \/>\n<strong>Webseite:<\/strong><br \/>\nhttps:\/\/www.bearpaw-products.de\/<br \/>\n<strong>Kontakt:<\/strong><br \/>\ninfo@bearpaw-products.com<br \/>\n<strong>Marke:<\/strong><br \/>\nBearpaw Products<\/td>\n<\/tr>\n<\/tbody>\n<\/table>\n","protected":false},"excerpt":{"rendered":"<h5 class=\"product--title\">Seitenk\u00f6cher Sidepack<\/h5>\n","protected":false},"featured_media":1539,"comment_status":"open","ping_status":"closed","template":"","meta":[],"product_brand":[],"product_cat":[454],"product_tag":[30,169,216,450],"class_list":{"0":"post-1536","1":"product","2":"type-product","3":"status-publish","4":"has-post-thumbnail","6":"product_cat-seitenkoecher","7":"product_tag-bearpaw","8":"product_tag-lederkoecher","9":"product_tag-seitenkoecher","10":"product_tag-sidepack","12":"first","13":"instock","14":"sale","15":"taxable","16":"shipping-taxable","17":"purchasable","18":"product-type-variable"},"_links":{"self":[{"href":"https:\/\/shop.xn--altmhl-bogensport-52b.de\/index.php?rest_route=\/wp\/v2\/product\/1536","targetHints":{"allow":["GET"]}}],"collection":[{"href":"https:\/\/shop.xn--altmhl-bogensport-52b.de\/index.php?rest_route=\/wp\/v2\/product"}],"about":[{"href":"https:\/\/shop.xn--altmhl-bogensport-52b.de\/index.php?rest_route=\/wp\/v2\/types\/product"}],"replies":[{"embeddable":true,"href":"https:\/\/shop.xn--altmhl-bogensport-52b.de\/index.php?rest_route=%2Fwp%2Fv2%2Fcomments&post=1536"}],"wp:featuredmedia":[{"embeddable":true,"href":"https:\/\/shop.xn--altmhl-bogensport-52b.de\/index.php?rest_route=\/wp\/v2\/media\/1539"}],"wp:attachment":[{"href":"https:\/\/shop.xn--altmhl-bogensport-52b.de\/index.php?rest_route=%2Fwp%2Fv2%2Fmedia&parent=1536"}],"wp:term":[{"taxonomy":"product_brand","embeddable":true,"href":"https:\/\/shop.xn--altmhl-bogensport-52b.de\/index.php?rest_route=%2Fwp%2Fv2%2Fproduct_brand&post=1536"},{"taxonomy":"product_cat","embeddable":true,"href":"https:\/\/shop.xn--altmhl-bogensport-52b.de\/index.php?rest_route=%2Fwp%2Fv2%2Fproduct_cat&post=1536"},{"taxonomy":"product_tag","embeddable":true,"href":"https:\/\/shop.xn--altmhl-bogensport-52b.de\/index.php?rest_route=%2Fwp%2Fv2%2Fproduct_tag&post=1536"}],"curies":[{"name":"wp","href":"https:\/\/api.w.org\/{rel}","templated":true}]}}