{"id":1487,"date":"2021-08-28T12:18:13","date_gmt":"2021-08-28T12:18:13","guid":{"rendered":"https:\/\/shop.xn--altmhl-bogensport-52b.de\/?post_type=product&#038;p=1487"},"modified":"2024-12-29T15:54:59","modified_gmt":"2024-12-29T15:54:59","slug":"jackalope-moonstone-60-zoll-30-60-lbs-take-down-hybridbogen","status":"publish","type":"product","link":"https:\/\/shop.xn--altmhl-bogensport-52b.de\/?product=jackalope-moonstone-60-zoll-30-60-lbs-take-down-hybridbogen","title":{"rendered":"JACKALOPE &#8211; Moonstone &#8211; 60 Zoll &#8211; 30-60 lbs &#8211; Take Down Hybridbogen"},"content":{"rendered":"<h3>JACKALOPE Moonstone &#8211; Geheimnisvoll und faszinierend!<\/h3>\n<p>Geheimnisvoll und faszinierend, mit diesen Worten\u00a0sind die\u00a0JACKALOPE Moonstone B\u00f6gen wohl am besten beschrieben. &#8211; Faszinierend durch das elegante \u00c4u\u00dfere des Mittelst\u00fccks, das trotz der dunkelgrauen, fast schon schwarzen\u00a0Farbgebung, die Maserung des Holzes erkennen l\u00e4sst.\u00a0Geheimnisvoll durch die Kr\u00e4fte die dem Namensgeber des Bogens, dem Mondstein zugesprochen werden.\u00a0Er hilft, emotionale Spannungen abzubauen, von \u00c4ngsten zu befreien und f\u00f6rdert die Intuition und Entschlossenheit.<\/p>\n<p>Nat\u00fcrlich ist es nicht nur die Optik, die besticht:\u00a0Das innovative Dymondwood &#8211;\u00a0eine hochstabile Verbindung aus mehreren Lagen Holz und Epoxidharz &#8211;\u00a0welches im 15 Zoll langen\u00a0Griffst\u00fcck verarbeitet ist, absorbiert Schwingungen und l\u00e4sst ein schnelleres, gleichm\u00e4\u00dfigeres Schiessen zu. In Verbindung mit den passenden JACKALOPE Wurfarmen\u00a0aus schwarzem oder klarem\u00a0Fiberglaslaminat mit einem Kern aus hochwertigem Ahornholz entsteht ein faszinierender Bogen, der gute Stabilit\u00e4t, ausgezeichnete Leistungen und ein breit gef\u00e4chertes Angebot an Zuggewichten bietet.<\/p>\n<p>Die\u00a0Marke\u00a0JACKALOPE\u00a0Archery begeistert mit ihren optisch wie technisch extravaganten B\u00f6gen und Mittelst\u00fccken\u00a0bereits\u00a0viele Sch\u00fctzen und bringt mit dem Moonstone Take Down Bogen eine weitere Innovation:\u00a0Einen Take Down Hybridbogen! Ja, richtig gelesen, einen Hybridbogen mit abnehmbaren Schraubwurfarmen. Diese einfache und bei den Recurveb\u00f6gen l\u00e4ngst bekannte und\u00a0praktische Funktion,\u00a0findet jetzt auch bei den Hybridb\u00f6gen Anwendung.<\/p>\n<p>&nbsp;<\/p>\n<p><strong>Herstellername:<\/strong><br \/>\nBSW Handels GmbH<br \/>\n<strong>Anschrift:<\/strong><br \/>\nDemminer Strasse 32, 17389 Anklam<br \/>\n<strong>Herkunftsland:<\/strong><br \/>\nDeutschland<br \/>\n<strong>Webseite:<\/strong><br \/>\nhttps:\/\/www.bogensportwelt.de\/<br \/>\n<strong>Kontakt:<\/strong><br \/>\nhttps:\/\/www.bogensportwelt.de\/Kontakt<br \/>\n<strong>Marke:<\/strong><br \/>\nJACKALOPE Archery<\/p>\n","protected":false},"excerpt":{"rendered":"<p>JACKALOPE Moonstone &#8211; Geheimnisvoll und faszinierend! Geheimnisvoll und faszinierend, mit diesen Worten\u00a0sind die\u00a0JACKALOPE Moonstone B\u00f6gen wohl am besten beschrieben. &#8211; Faszinierend durch das elegante \u00c4u\u00dfere des Mittelst\u00fccks, das trotz der dunkelgrauen, fast schon schwarzen\u00a0Farbgebung, die Maserung des Holzes erkennen l\u00e4sst.\u00a0Geheimnisvoll durch die Kr\u00e4fte die dem Namensgeber des Bogens, dem Mondstein zugesprochen werden.\u00a0Er hilft, emotionale Spannungen [&hellip;]<\/p>\n","protected":false},"featured_media":1488,"comment_status":"open","ping_status":"closed","template":"","meta":[],"product_brand":[],"product_cat":[435],"product_tag":[],"class_list":{"0":"post-1487","1":"product","2":"type-product","3":"status-publish","4":"has-post-thumbnail","6":"product_cat-hybridbogen","8":"first","9":"outofstock","10":"taxable","11":"shipping-taxable","12":"purchasable","13":"product-type-simple"},"_links":{"self":[{"href":"https:\/\/shop.xn--altmhl-bogensport-52b.de\/index.php?rest_route=\/wp\/v2\/product\/1487","targetHints":{"allow":["GET"]}}],"collection":[{"href":"https:\/\/shop.xn--altmhl-bogensport-52b.de\/index.php?rest_route=\/wp\/v2\/product"}],"about":[{"href":"https:\/\/shop.xn--altmhl-bogensport-52b.de\/index.php?rest_route=\/wp\/v2\/types\/product"}],"replies":[{"embeddable":true,"href":"https:\/\/shop.xn--altmhl-bogensport-52b.de\/index.php?rest_route=%2Fwp%2Fv2%2Fcomments&post=1487"}],"wp:featuredmedia":[{"embeddable":true,"href":"https:\/\/shop.xn--altmhl-bogensport-52b.de\/index.php?rest_route=\/wp\/v2\/media\/1488"}],"wp:attachment":[{"href":"https:\/\/shop.xn--altmhl-bogensport-52b.de\/index.php?rest_route=%2Fwp%2Fv2%2Fmedia&parent=1487"}],"wp:term":[{"taxonomy":"product_brand","embeddable":true,"href":"https:\/\/shop.xn--altmhl-bogensport-52b.de\/index.php?rest_route=%2Fwp%2Fv2%2Fproduct_brand&post=1487"},{"taxonomy":"product_cat","embeddable":true,"href":"https:\/\/shop.xn--altmhl-bogensport-52b.de\/index.php?rest_route=%2Fwp%2Fv2%2Fproduct_cat&post=1487"},{"taxonomy":"product_tag","embeddable":true,"href":"https:\/\/shop.xn--altmhl-bogensport-52b.de\/index.php?rest_route=%2Fwp%2Fv2%2Fproduct_tag&post=1487"}],"curies":[{"name":"wp","href":"https:\/\/api.w.org\/{rel}","templated":true}]}}