{"id":1472,"date":"2021-08-28T07:10:09","date_gmt":"2021-08-28T07:10:09","guid":{"rendered":"https:\/\/shop.xn--altmhl-bogensport-52b.de\/?post_type=product&#038;p=1472"},"modified":"2021-12-27T17:33:20","modified_gmt":"2021-12-27T17:33:20","slug":"scheibennagel-kunststoff","status":"publish","type":"product","link":"https:\/\/shop.xn--altmhl-bogensport-52b.de\/?product=scheibennagel-kunststoff","title":{"rendered":"Scheibennagel Kunststoff"},"content":{"rendered":"<p>Die Scheibenn\u00e4gel Target Pin sind aus schwarzem Kunststoff gefertigt.\u00a0Sie dienen zur Befestigung von Scheibenauflagen auf allen\u00a0g\u00e4ngigen Scheibenmaterialien. Ihre\u00a0L\u00e4nge von 70 mm garantiert einen sicheren Halt der Auflage.<\/p>\n<p>Die N\u00e4gel\u00a0k\u00f6nnen auch dazu verwendet werden, die Position der F\u00fc\u00dfe am Boden w\u00e4hrend einer FITA Runde zu markieren.<\/p>\n<ul>\n<li>Material: Kunststoff<\/li>\n<li>Farbe: schwarz<\/li>\n<li>L\u00e4nge: 70 mm<\/li>\n<li>Lieferumfang: 1 Scheibennagel<\/li>\n<\/ul>\n","protected":false},"excerpt":{"rendered":"<p>Scheibennagel<\/p>\n","protected":false},"featured_media":1473,"comment_status":"open","ping_status":"closed","template":"","meta":[],"product_brand":[],"product_cat":[61],"product_tag":[63],"class_list":{"0":"post-1472","1":"product","2":"type-product","3":"status-publish","4":"has-post-thumbnail","6":"product_cat-auflagen-u-zubehoer","7":"product_tag-scheibennagel","9":"first","10":"instock","11":"taxable","12":"shipping-taxable","13":"purchasable","14":"product-type-simple"},"_links":{"self":[{"href":"https:\/\/shop.xn--altmhl-bogensport-52b.de\/index.php?rest_route=\/wp\/v2\/product\/1472","targetHints":{"allow":["GET"]}}],"collection":[{"href":"https:\/\/shop.xn--altmhl-bogensport-52b.de\/index.php?rest_route=\/wp\/v2\/product"}],"about":[{"href":"https:\/\/shop.xn--altmhl-bogensport-52b.de\/index.php?rest_route=\/wp\/v2\/types\/product"}],"replies":[{"embeddable":true,"href":"https:\/\/shop.xn--altmhl-bogensport-52b.de\/index.php?rest_route=%2Fwp%2Fv2%2Fcomments&post=1472"}],"wp:featuredmedia":[{"embeddable":true,"href":"https:\/\/shop.xn--altmhl-bogensport-52b.de\/index.php?rest_route=\/wp\/v2\/media\/1473"}],"wp:attachment":[{"href":"https:\/\/shop.xn--altmhl-bogensport-52b.de\/index.php?rest_route=%2Fwp%2Fv2%2Fmedia&parent=1472"}],"wp:term":[{"taxonomy":"product_brand","embeddable":true,"href":"https:\/\/shop.xn--altmhl-bogensport-52b.de\/index.php?rest_route=%2Fwp%2Fv2%2Fproduct_brand&post=1472"},{"taxonomy":"product_cat","embeddable":true,"href":"https:\/\/shop.xn--altmhl-bogensport-52b.de\/index.php?rest_route=%2Fwp%2Fv2%2Fproduct_cat&post=1472"},{"taxonomy":"product_tag","embeddable":true,"href":"https:\/\/shop.xn--altmhl-bogensport-52b.de\/index.php?rest_route=%2Fwp%2Fv2%2Fproduct_tag&post=1472"}],"curies":[{"name":"wp","href":"https:\/\/api.w.org\/{rel}","templated":true}]}}