{"id":1450,"date":"2021-08-28T07:02:22","date_gmt":"2021-08-28T07:02:22","guid":{"rendered":"https:\/\/shop.xn--altmhl-bogensport-52b.de\/?post_type=product&#038;p=1450"},"modified":"2024-12-29T16:23:49","modified_gmt":"2024-12-29T16:23:49","slug":"pfeilauflage-rochenleder-antur","status":"publish","type":"product","link":"https:\/\/shop.xn--altmhl-bogensport-52b.de\/?product=pfeilauflage-rochenleder-antur","title":{"rendered":"Pfeilauflage Rochenleder Antur"},"content":{"rendered":"<h2>Selbstklebende Pfeilauflage\u00a0aus Rochenleder in vielen Farben<\/h2>\n<p>Rochenleder ist bekannt f\u00fcr seine Stabilit\u00e4t. Es ist wasserabweisend, sehr widerstandsf\u00e4hig und dabei extrem biegsam. Daher kann die Pfeilauflage\u00a0einfach und h\u00f6chst pr\u00e4zise im Bogenfenster eingeklebt werden. Ihre R\u00fcckseite ist daf\u00fcr mit einem doppelseitigen Klebeband versehen.<\/p>\n<p>Die Perlrochenauflage ist sehr d\u00fcnn und dennoch strapazierf\u00e4hig. Ihre Oberfl\u00e4che wurde geschliffen und poliert, sodass eine nahezu perfekte Gleitf\u00e4higkeit garantiert werden kann.<\/p>\n<p>Perlrochen werden als Speisefische gez\u00fcchtet. Ihre Haut bzw. das Leder ist ein Nebenprodukt der Lebensmittelindustrie und unterliegt daher nicht dem Artenschutz.<\/p>\n<p><big>Gr\u00f6\u00dfe<\/big><\/p>\n<ul>\n<li>L\u00e4nge: 4,5 cm<\/li>\n<li>Breite: 3,5 cm<\/li>\n<\/ul>\n<h3>DIE PFEILAUFLAGE AUS ROCHENLEDER EIGNET SICH SOWOHL F\u00dcR LINKS- ALS AUCH F\u00dcR RECHTSHANDB\u00d6GEN!<\/h3>\n<p>&nbsp;<\/p>\n<p><strong>Herstellername:<\/strong><br \/>\nBSW Handels GmbH<br \/>\n<strong>Anschrift:<\/strong><br \/>\nDemminer Strasse 32, 17389 Anklam<br \/>\n<strong>Herkunftsland:<\/strong><br \/>\nDeutschland<br \/>\n<strong>Webseite:<\/strong><br \/>\nhttps:\/\/anturbows.com\/<br \/>\n<strong>Kontakt:<\/strong><br \/>\ninfo@anturbows.com<br \/>\n<strong>Marke:<\/strong><br \/>\nAntur Archery<\/p>\n","protected":false},"excerpt":{"rendered":"<p>Rochenleder<\/p>\n","protected":false},"featured_media":1451,"comment_status":"open","ping_status":"closed","template":"","meta":[],"product_brand":[],"product_cat":[204,38],"product_tag":[433,50,127,432],"class_list":{"0":"post-1450","1":"product","2":"type-product","3":"status-publish","4":"has-post-thumbnail","6":"product_cat-bogenzubehoer","7":"product_cat-pfeilauflagen","8":"product_tag-rochenleder","9":"product_tag-antur","10":"product_tag-pfeilauflage","11":"product_tag-rochen","13":"first","14":"instock","15":"taxable","16":"shipping-taxable","17":"purchasable","18":"product-type-variable"},"_links":{"self":[{"href":"https:\/\/shop.xn--altmhl-bogensport-52b.de\/index.php?rest_route=\/wp\/v2\/product\/1450","targetHints":{"allow":["GET"]}}],"collection":[{"href":"https:\/\/shop.xn--altmhl-bogensport-52b.de\/index.php?rest_route=\/wp\/v2\/product"}],"about":[{"href":"https:\/\/shop.xn--altmhl-bogensport-52b.de\/index.php?rest_route=\/wp\/v2\/types\/product"}],"replies":[{"embeddable":true,"href":"https:\/\/shop.xn--altmhl-bogensport-52b.de\/index.php?rest_route=%2Fwp%2Fv2%2Fcomments&post=1450"}],"wp:featuredmedia":[{"embeddable":true,"href":"https:\/\/shop.xn--altmhl-bogensport-52b.de\/index.php?rest_route=\/wp\/v2\/media\/1451"}],"wp:attachment":[{"href":"https:\/\/shop.xn--altmhl-bogensport-52b.de\/index.php?rest_route=%2Fwp%2Fv2%2Fmedia&parent=1450"}],"wp:term":[{"taxonomy":"product_brand","embeddable":true,"href":"https:\/\/shop.xn--altmhl-bogensport-52b.de\/index.php?rest_route=%2Fwp%2Fv2%2Fproduct_brand&post=1450"},{"taxonomy":"product_cat","embeddable":true,"href":"https:\/\/shop.xn--altmhl-bogensport-52b.de\/index.php?rest_route=%2Fwp%2Fv2%2Fproduct_cat&post=1450"},{"taxonomy":"product_tag","embeddable":true,"href":"https:\/\/shop.xn--altmhl-bogensport-52b.de\/index.php?rest_route=%2Fwp%2Fv2%2Fproduct_tag&post=1450"}],"curies":[{"name":"wp","href":"https:\/\/api.w.org\/{rel}","templated":true}]}}