{"id":1446,"date":"2021-08-28T06:46:50","date_gmt":"2021-08-28T06:46:50","guid":{"rendered":"https:\/\/shop.xn--altmhl-bogensport-52b.de\/?post_type=product&#038;p=1446"},"modified":"2024-12-29T16:24:57","modified_gmt":"2024-12-29T16:24:57","slug":"protect-oil","status":"publish","type":"product","link":"https:\/\/shop.xn--altmhl-bogensport-52b.de\/?product=protect-oil","title":{"rendered":"Protect Oil"},"content":{"rendered":"<h2>Erlebe das einzigartige Gef\u00fchl ge\u00f6lter B\u00f6gen<\/h2>\n<p>Das Bow &amp; Arrow Protect Oil von Antur Archery ist ein zu 94% aus nat\u00fcrlichen Rohstoffen bestehendes flexibles Hart\u00f6l. In Zusammenarbeit mit einem der gr\u00f6\u00dften Holz\u00f6l Produzenten Europas konnten wir genau die Mischung kreieren, die es f\u00fcr den rauen Einsatz am 3D Parcours ben\u00f6tigt.<\/p>\n<p><big>Das \u00f6kologische Holzschutz\u00f6l \u00fcberzeugt, denn es ist<\/big><\/p>\n<ul>\n<li>langlebig<\/li>\n<li>wasserabweisend<\/li>\n<li>feuchtigkeitsresistent<\/li>\n<li>100% speichelecht<\/li>\n<\/ul>\n<h3>KRATZER AM BOGEN LASSEN SICH PROBLEMLOS, SCHNELL UND EINFACH BESEITIGEN. DER GESAMTE BOGEN KANN JEDERZEIT NEU GE\u00d6LT WERDEN.<\/h3>\n<p>Das Antur Bow &amp; Arrow Protect Oil ist atmungsaktiv und sch\u00fctzt das Holz somit perfekt. Wir empfehlen den Bogen bei regelm\u00e4\u00dfigem Gebrauch 2-3 Mal j\u00e4hrlich zu \u00f6len.<\/p>\n<h4>Unser Tipp: Wie der Name schon sagt, ist unser Protect Oil auch f\u00fcr die Pflege von Holzpfeilen bestens geeignet.<\/h4>\n<p>&nbsp;<\/p>\n<p><strong>Herstellername:<\/strong><br \/>\nBSW Handels GmbH<br \/>\n<strong>Anschrift:<\/strong><br \/>\nDemminer Strasse 32, 17389 Anklam<br \/>\n<strong>Herkunftsland:<\/strong><br \/>\nDeutschland<br \/>\n<strong>Webseite:<\/strong><br \/>\nhttps:\/\/anturbows.com\/<br \/>\n<strong>Kontakt:<\/strong><br \/>\ninfo@anturbows.com<br \/>\n<strong>Marke:<\/strong><br \/>\nAntur Archery<\/p>\n","protected":false},"excerpt":{"rendered":"<p>Pflege\u00f6l<\/p>\n","protected":false},"featured_media":1447,"comment_status":"open","ping_status":"closed","template":"","meta":[],"product_brand":[],"product_cat":[204,28],"product_tag":[50,421,422],"class_list":{"0":"post-1446","1":"product","2":"type-product","3":"status-publish","4":"has-post-thumbnail","6":"product_cat-bogenzubehoer","7":"product_cat-sonstiges","8":"product_tag-antur","9":"product_tag-pflegeoel","10":"product_tag-protect-oil","12":"first","13":"instock","14":"taxable","15":"shipping-taxable","16":"purchasable","17":"product-type-simple"},"_links":{"self":[{"href":"https:\/\/shop.xn--altmhl-bogensport-52b.de\/index.php?rest_route=\/wp\/v2\/product\/1446","targetHints":{"allow":["GET"]}}],"collection":[{"href":"https:\/\/shop.xn--altmhl-bogensport-52b.de\/index.php?rest_route=\/wp\/v2\/product"}],"about":[{"href":"https:\/\/shop.xn--altmhl-bogensport-52b.de\/index.php?rest_route=\/wp\/v2\/types\/product"}],"replies":[{"embeddable":true,"href":"https:\/\/shop.xn--altmhl-bogensport-52b.de\/index.php?rest_route=%2Fwp%2Fv2%2Fcomments&post=1446"}],"wp:featuredmedia":[{"embeddable":true,"href":"https:\/\/shop.xn--altmhl-bogensport-52b.de\/index.php?rest_route=\/wp\/v2\/media\/1447"}],"wp:attachment":[{"href":"https:\/\/shop.xn--altmhl-bogensport-52b.de\/index.php?rest_route=%2Fwp%2Fv2%2Fmedia&parent=1446"}],"wp:term":[{"taxonomy":"product_brand","embeddable":true,"href":"https:\/\/shop.xn--altmhl-bogensport-52b.de\/index.php?rest_route=%2Fwp%2Fv2%2Fproduct_brand&post=1446"},{"taxonomy":"product_cat","embeddable":true,"href":"https:\/\/shop.xn--altmhl-bogensport-52b.de\/index.php?rest_route=%2Fwp%2Fv2%2Fproduct_cat&post=1446"},{"taxonomy":"product_tag","embeddable":true,"href":"https:\/\/shop.xn--altmhl-bogensport-52b.de\/index.php?rest_route=%2Fwp%2Fv2%2Fproduct_tag&post=1446"}],"curies":[{"name":"wp","href":"https:\/\/api.w.org\/{rel}","templated":true}]}}