{"id":141,"date":"2019-09-22T18:31:32","date_gmt":"2019-09-22T18:31:32","guid":{"rendered":"http:\/\/shop.xn--altmhl-bogensport-52b.de\/?post_type=product&#038;p=141"},"modified":"2025-07-25T15:19:32","modified_gmt":"2025-07-25T15:19:32","slug":"bearpaw-traditional-nock","status":"publish","type":"product","link":"https:\/\/shop.xn--altmhl-bogensport-52b.de\/?product=bearpaw-traditional-nock","title":{"rendered":"BEARPAW Traditional Nock"},"content":{"rendered":"<p><strong>BEARPAW Traditional Nock f\u00fcr Holzpfeile<\/strong><\/p>\n<p>Traditionelle Snap Nocke aus widerstandsf\u00e4higem Spezialmaterial.<\/p>\n<p>Diese Nocken sind temperaturbest\u00e4ndig (wird bei Minusgraden nicht spr\u00f6de und bei hohen Temperaturen nicht weich), UV best\u00e4ndig (wird selbst bei intensiver Sonnenbestrahlung nicht spr\u00f6de) sowie chemikalienbest\u00e4ndig.<\/p>\n<p><strong>Gr\u00f6\u00dfen:<\/strong><br \/>\n5\/16 Zoll oder 11\/32 Zoll<\/p>\n<p><strong>Farben:<\/strong><br \/>\ncamo rot, camo gr\u00fcn, camo natur, wei\u00df, schwarz, gelb, fl rot, fl orange oder fl gr\u00fcn<\/p>\n<p>&nbsp;<\/p>\n<table class=\"table table-sm\">\n<tbody>\n<tr class=\"attr-custom\">\n<td class=\"attr-value\"><strong>Herstellername:<\/strong><br \/>\nBEARPAW GmbH<br \/>\n<strong>Anschrift:<\/strong><br \/>\nHannebach 30, 96269 Rossach<br \/>\n<strong>Herkunftsland:<\/strong><br \/>\nDeutschland<br \/>\n<strong>Webseite:<\/strong><br \/>\nhttps:\/\/www.bearpaw-products.de\/<br \/>\n<strong>Kontakt:<\/strong><br \/>\ninfo@bearpaw-products.com<br \/>\n<strong>Marke:<\/strong><br \/>\nBearpaw Products<\/td>\n<\/tr>\n<\/tbody>\n<\/table>\n","protected":false},"excerpt":{"rendered":"<p>BEARPAW Traditional Nock f\u00fcr Holzpfeile Traditionelle Snap Nocke aus widerstandsf\u00e4higem Spezialmaterial. Diese Nocken sind temperaturbest\u00e4ndig (wird bei Minusgraden nicht spr\u00f6de und bei hohen Temperaturen nicht weich), UV best\u00e4ndig (wird selbst bei intensiver Sonnenbestrahlung nicht spr\u00f6de) sowie chemikalienbest\u00e4ndig. Gr\u00f6\u00dfen: 5\/16 Zoll oder 11\/32 Zoll Farben: camo rot, camo gr\u00fcn, camo natur, wei\u00df, schwarz, gelb, fl rot, [&hellip;]<\/p>\n","protected":false},"featured_media":143,"comment_status":"open","ping_status":"closed","template":"","meta":[],"product_brand":[],"product_cat":[65],"product_tag":[30,66,67,68,401,1188],"class_list":{"0":"post-141","1":"product","2":"type-product","3":"status-publish","4":"has-post-thumbnail","6":"product_cat-nocken","7":"product_tag-bearpaw","8":"product_tag-nock","9":"product_tag-nocke","10":"product_tag-holzpfeil","11":"product_tag-nocken","12":"product_tag-traditional-nock","14":"first","15":"instock","16":"taxable","17":"shipping-taxable","18":"purchasable","19":"product-type-variable"},"_links":{"self":[{"href":"https:\/\/shop.xn--altmhl-bogensport-52b.de\/index.php?rest_route=\/wp\/v2\/product\/141","targetHints":{"allow":["GET"]}}],"collection":[{"href":"https:\/\/shop.xn--altmhl-bogensport-52b.de\/index.php?rest_route=\/wp\/v2\/product"}],"about":[{"href":"https:\/\/shop.xn--altmhl-bogensport-52b.de\/index.php?rest_route=\/wp\/v2\/types\/product"}],"replies":[{"embeddable":true,"href":"https:\/\/shop.xn--altmhl-bogensport-52b.de\/index.php?rest_route=%2Fwp%2Fv2%2Fcomments&post=141"}],"wp:featuredmedia":[{"embeddable":true,"href":"https:\/\/shop.xn--altmhl-bogensport-52b.de\/index.php?rest_route=\/wp\/v2\/media\/143"}],"wp:attachment":[{"href":"https:\/\/shop.xn--altmhl-bogensport-52b.de\/index.php?rest_route=%2Fwp%2Fv2%2Fmedia&parent=141"}],"wp:term":[{"taxonomy":"product_brand","embeddable":true,"href":"https:\/\/shop.xn--altmhl-bogensport-52b.de\/index.php?rest_route=%2Fwp%2Fv2%2Fproduct_brand&post=141"},{"taxonomy":"product_cat","embeddable":true,"href":"https:\/\/shop.xn--altmhl-bogensport-52b.de\/index.php?rest_route=%2Fwp%2Fv2%2Fproduct_cat&post=141"},{"taxonomy":"product_tag","embeddable":true,"href":"https:\/\/shop.xn--altmhl-bogensport-52b.de\/index.php?rest_route=%2Fwp%2Fv2%2Fproduct_tag&post=141"}],"curies":[{"name":"wp","href":"https:\/\/api.w.org\/{rel}","templated":true}]}}