{"id":139,"date":"2019-09-22T18:06:31","date_gmt":"2019-09-22T18:06:31","guid":{"rendered":"http:\/\/shop.xn--altmhl-bogensport-52b.de\/?post_type=product&#038;p=139"},"modified":"2024-04-20T17:37:39","modified_gmt":"2024-04-20T17:37:39","slug":"scheibennagel-strong","status":"publish","type":"product","link":"https:\/\/shop.xn--altmhl-bogensport-52b.de\/?product=scheibennagel-strong","title":{"rendered":"Scheibennagel Strong"},"content":{"rendered":"<p>Die N\u00e4gel eigenen sich f\u00fcr alle Zielscheiben oder Holzwolleballen. Der Scheibennagel ist sch\u00f6n lang um einen sicheren Halt zu gew\u00e4hrleisten. Der Nagel ist mit einer Plastikkappe versehen, damit der Pfeil beim Auftreffen nicht besch\u00e4digt wird.<\/p>\n<p>Damit ist eine sichere Befestigung Ihrer Fita-, Feldauflagen\u00a0 oder Tierbilder m\u00f6glich.<\/p>\n<p>Wir haben mit diesem Scheibennagel auf unserem eigenen Einschie\u00dfplatz gute Erfahrungen gemacht.<\/p>\n<p>Farbe des Kopfes kann varriieren, schwarz oder braun.<\/p>\n<p>Dies k\u00f6nnen wir nicht beeinflussen.<\/p>\n<p>Preis pro St\u00fcck.<\/p>\n","protected":false},"excerpt":{"rendered":"<p>Zum Befestigen der Scheibenauflagen auf der Zielscheibe.<\/p>\n","protected":false},"featured_media":140,"comment_status":"open","ping_status":"closed","template":"","meta":[],"product_brand":[],"product_cat":[60,61],"product_tag":[63,64,62],"class_list":{"0":"post-139","1":"product","2":"type-product","3":"status-publish","4":"has-post-thumbnail","6":"product_cat-zielscheiben","7":"product_cat-auflagen-u-zubehoer","8":"product_tag-scheibennagel","9":"product_tag-zielscheibe","10":"product_tag-nagel","12":"first","13":"instock","14":"taxable","15":"shipping-taxable","16":"purchasable","17":"product-type-simple"},"_links":{"self":[{"href":"https:\/\/shop.xn--altmhl-bogensport-52b.de\/index.php?rest_route=\/wp\/v2\/product\/139","targetHints":{"allow":["GET"]}}],"collection":[{"href":"https:\/\/shop.xn--altmhl-bogensport-52b.de\/index.php?rest_route=\/wp\/v2\/product"}],"about":[{"href":"https:\/\/shop.xn--altmhl-bogensport-52b.de\/index.php?rest_route=\/wp\/v2\/types\/product"}],"replies":[{"embeddable":true,"href":"https:\/\/shop.xn--altmhl-bogensport-52b.de\/index.php?rest_route=%2Fwp%2Fv2%2Fcomments&post=139"}],"wp:featuredmedia":[{"embeddable":true,"href":"https:\/\/shop.xn--altmhl-bogensport-52b.de\/index.php?rest_route=\/wp\/v2\/media\/140"}],"wp:attachment":[{"href":"https:\/\/shop.xn--altmhl-bogensport-52b.de\/index.php?rest_route=%2Fwp%2Fv2%2Fmedia&parent=139"}],"wp:term":[{"taxonomy":"product_brand","embeddable":true,"href":"https:\/\/shop.xn--altmhl-bogensport-52b.de\/index.php?rest_route=%2Fwp%2Fv2%2Fproduct_brand&post=139"},{"taxonomy":"product_cat","embeddable":true,"href":"https:\/\/shop.xn--altmhl-bogensport-52b.de\/index.php?rest_route=%2Fwp%2Fv2%2Fproduct_cat&post=139"},{"taxonomy":"product_tag","embeddable":true,"href":"https:\/\/shop.xn--altmhl-bogensport-52b.de\/index.php?rest_route=%2Fwp%2Fv2%2Fproduct_tag&post=139"}],"curies":[{"name":"wp","href":"https:\/\/api.w.org\/{rel}","templated":true}]}}