{"id":1369,"date":"2021-08-25T14:54:01","date_gmt":"2021-08-25T14:54:01","guid":{"rendered":"https:\/\/shop.xn--altmhl-bogensport-52b.de\/?post_type=product&#038;p=1369"},"modified":"2025-01-26T11:19:51","modified_gmt":"2025-01-26T11:19:51","slug":"easton-powerflight-carbonschaft-inkl-nock-orange-insert","status":"publish","type":"product","link":"https:\/\/shop.xn--altmhl-bogensport-52b.de\/?product=easton-powerflight-carbonschaft-inkl-nock-orange-insert","title":{"rendered":"EASTON Powerflight Carbonschaft ( inkl. Nock orange + Insert)"},"content":{"rendered":"<h2>EASTON Powerflight Carbonschaft<\/h2>\n<p>Ein g\u00fcnstiger Carbonschaft von EASTON.<\/p>\n<p>Der Schaft wird mit einem Insert (nicht eingeklebt) und einer eingesteckten Nocke (orange) geliefert.<\/p>\n<p>Trotz des geringen Preises ist der Powerflight Carbonschaft kreuzgewickelt und dadurch \u00e4u\u00dferst robust.<\/p>\n<p>Der Innendurchmesser ist: 0,245 inch.<\/p>\n<table class=\"cke-table editor_table_with_border\" style=\"height: 227px;\" width=\"609\" cellpadding=\"1\">\n<tbody>\n<tr>\n<td class=\"editor_td_with_border\">Spine<\/td>\n<td class=\"editor_td_with_border\">Volle L\u00e4nge (Ohne Nocke)<\/td>\n<td class=\"editor_td_with_border\">Innendurchmesser<\/td>\n<td class=\"editor_td_with_border\">Gewicht<\/td>\n<\/tr>\n<tr>\n<td class=\"editor_td_with_border\">300<\/td>\n<td class=\"editor_td_with_border\">32&#8243;<\/td>\n<td class=\"editor_td_with_border\">0.245<\/td>\n<td class=\"editor_td_with_border\">9,5 gpi<\/td>\n<\/tr>\n<tr>\n<td class=\"editor_td_with_border\">340<\/td>\n<td class=\"editor_td_with_border\">31,5&#8243;<\/td>\n<td class=\"editor_td_with_border\">0.245<\/td>\n<td class=\"editor_td_with_border\">9,3 gpi<\/td>\n<\/tr>\n<tr>\n<td class=\"editor_td_with_border\">400<\/td>\n<td class=\"editor_td_with_border\">31&#8243;<\/td>\n<td class=\"editor_td_with_border\">0.245<\/td>\n<td class=\"editor_td_with_border\">8,9 gpi<\/td>\n<\/tr>\n<tr>\n<td class=\"editor_td_with_border\">500<\/td>\n<td class=\"editor_td_with_border\">30,5&#8243;<\/td>\n<td class=\"editor_td_with_border\">0.245<\/td>\n<td class=\"editor_td_with_border\">7,3 gpi<\/td>\n<\/tr>\n<\/tbody>\n<\/table>\n<p>Wenn wir den Schaft f\u00fcr Sie\u00a0k\u00fcrzen, dann geben Sie bei der Wunschl\u00e4nge bitte die reine Schaftl\u00e4nge an, also ohne Nocke. Durch die Nocke ist der Schaft dann effektiv 0,5 Zoll l\u00e4nger.<\/p>\n<p>Der Innendurchmesser ist: 0,245 inch.<\/p>\n<p>Dies sind die passenden\u00a0Protectorringe\u00a0von TopHat f\u00fcr die jeweiligen Spinewerte:<\/p>\n<ul>\n<li>300 &#8211; 7,6<\/li>\n<li>340 &#8211; 7,6<\/li>\n<li>400 &#8211; 7,45<\/li>\n<li>500 &#8211; 7,30<\/li>\n<\/ul>\n<table class=\"table table-sm\">\n<tbody>\n<tr class=\"attr-custom\">\n<td><b>Herstellerangaben<\/b>:<\/td>\n<td class=\"attr-value\"><strong>Herstellername:<\/strong><br \/>\nEaston Technical Products, Inc.<br \/>\n<strong>Anschrift:<\/strong><br \/>\n5040 Harold Gatty Dr, Salt Lake City, UTAH, USA<br \/>\n<strong>Herkunftsland:<\/strong><br \/>\nUSA<br \/>\n<strong>Webseite:<\/strong><br \/>\nhttps:\/\/eastonarchery.com\/<br \/>\n<strong>Kontakt:<\/strong><br \/>\nhttps:\/\/eastonarchery.com\/privacy\/<br \/>\n<strong>Marke:<\/strong><br \/>\nEASTON<\/td>\n<\/tr>\n<tr class=\"attr-custom\">\n<td><b>Verantwortliche Person<\/b>:<\/td>\n<td class=\"attr-value\"><strong>verantwortliche Person:<\/strong><br \/>\nJVD Group B.V.<br \/>\n<strong>Anschrift:<\/strong><br \/>\nLooier 9, 5253 RA Nieuwkuijk<br \/>\n<strong>Herkunftsland:<\/strong><br \/>\nNiederlande<br \/>\n<strong>Kontakt:<\/strong><br \/>\ncontact@jvd-group.com<\/td>\n<\/tr>\n<\/tbody>\n<\/table>\n<p>&nbsp;<\/p>\n","protected":false},"excerpt":{"rendered":"<p>Easton Powerflight<\/p>\n","protected":false},"featured_media":1371,"comment_status":"open","ping_status":"closed","template":"","meta":[],"product_brand":[],"product_cat":[19],"product_tag":[72,403,407],"class_list":{"0":"post-1369","1":"product","2":"type-product","3":"status-publish","4":"has-post-thumbnail","6":"product_cat-carbonschaefte","7":"product_tag-carbonschaft","8":"product_tag-easton","9":"product_tag-powerflight","11":"first","12":"instock","13":"taxable","14":"shipping-taxable","15":"purchasable","16":"product-type-variable"},"_links":{"self":[{"href":"https:\/\/shop.xn--altmhl-bogensport-52b.de\/index.php?rest_route=\/wp\/v2\/product\/1369","targetHints":{"allow":["GET"]}}],"collection":[{"href":"https:\/\/shop.xn--altmhl-bogensport-52b.de\/index.php?rest_route=\/wp\/v2\/product"}],"about":[{"href":"https:\/\/shop.xn--altmhl-bogensport-52b.de\/index.php?rest_route=\/wp\/v2\/types\/product"}],"replies":[{"embeddable":true,"href":"https:\/\/shop.xn--altmhl-bogensport-52b.de\/index.php?rest_route=%2Fwp%2Fv2%2Fcomments&post=1369"}],"wp:featuredmedia":[{"embeddable":true,"href":"https:\/\/shop.xn--altmhl-bogensport-52b.de\/index.php?rest_route=\/wp\/v2\/media\/1371"}],"wp:attachment":[{"href":"https:\/\/shop.xn--altmhl-bogensport-52b.de\/index.php?rest_route=%2Fwp%2Fv2%2Fmedia&parent=1369"}],"wp:term":[{"taxonomy":"product_brand","embeddable":true,"href":"https:\/\/shop.xn--altmhl-bogensport-52b.de\/index.php?rest_route=%2Fwp%2Fv2%2Fproduct_brand&post=1369"},{"taxonomy":"product_cat","embeddable":true,"href":"https:\/\/shop.xn--altmhl-bogensport-52b.de\/index.php?rest_route=%2Fwp%2Fv2%2Fproduct_cat&post=1369"},{"taxonomy":"product_tag","embeddable":true,"href":"https:\/\/shop.xn--altmhl-bogensport-52b.de\/index.php?rest_route=%2Fwp%2Fv2%2Fproduct_tag&post=1369"}],"curies":[{"name":"wp","href":"https:\/\/api.w.org\/{rel}","templated":true}]}}