{"id":1360,"date":"2021-08-25T09:35:24","date_gmt":"2021-08-25T09:35:24","guid":{"rendered":"https:\/\/shop.xn--altmhl-bogensport-52b.de\/?post_type=product&#038;p=1360"},"modified":"2025-01-26T11:35:25","modified_gmt":"2025-01-26T11:35:25","slug":"skylon-pin-nock-small","status":"publish","type":"product","link":"https:\/\/shop.xn--altmhl-bogensport-52b.de\/?product=skylon-pin-nock-small","title":{"rendered":"Skylon Pin Nock small"},"content":{"rendered":"<h2>Avalon \/ Skylon Pin Nock<\/h2>\n<p>&nbsp;<\/p>\n<p>Eine Aufstecknocke aus Kunststoff f\u00fcr Pin Inserts.<\/p>\n<p>Die Nocke ist mit zwei verschieden gro\u00dfen Nockbetten erh\u00e4ltlich.<\/p>\n<p>Momentan nur als &#8220;Small&#8221; erh\u00e4ltlich.<\/p>\n<p>Bei Dacronsehnen sowie der Whisperstring (ab 8 Str\u00e4nge) sollte die gro\u00dfe Nocke passen (large).<\/p>\n<p>Bei FastFlight Sehnen bis 14 Str\u00e4ngen ist die kleine Nocke zu empfehlen (small).<\/p>\n<ul>\n<li>Pin Nock kompatibel mit allen g\u00e4ngigen Pin Inserts<\/li>\n<li>Kunststoff<\/li>\n<li>small groove<\/li>\n<li>verschiedene Farben<\/li>\n<\/ul>\n<table class=\"table table-sm\">\n<tbody>\n<tr class=\"attr-custom\">\n<td><b>Herstellerangaben<\/b>:<\/td>\n<td class=\"attr-value\"><strong>Herstellername:<\/strong><br \/>\nWeiHai AnPu Composite Co.<br \/>\n<strong>Anschrift:<\/strong><br \/>\nLtd WenDeng, WeiHai, ShanDong 264400<br \/>\n<strong>Herkunftsland:<\/strong><br \/>\nChina<br \/>\n<strong>Webseite:<\/strong><br \/>\nhttps:\/\/www.skylonarchery.com\/<br \/>\n<strong>Kontakt:<\/strong><br \/>\ncontact@skylonarchery.com<br \/>\n<strong>Marke:<\/strong><br \/>\nSkylon Archery<\/td>\n<\/tr>\n<tr class=\"attr-custom\">\n<td><b>Verantwortliche Person<\/b>:<\/td>\n<td class=\"attr-value\"><strong>verantwortliche Person:<\/strong><br \/>\nNV S.S.A. Sporting Goods<br \/>\n<strong>Anschrift:<\/strong><br \/>\nNeringstraat 2, 8370 Blankenberge, Belgien<br \/>\n<strong>Herkunftsland:<\/strong><br \/>\nBelgien<br \/>\n<strong>Kontakt:<\/strong><br \/>\nhttps:\/\/www.ssa-archery.com\/de-de\/contact-us<\/td>\n<\/tr>\n<\/tbody>\n<\/table>\n","protected":false},"excerpt":{"rendered":"<p>Avalon \/ Skylon Pin Nock &nbsp; Eine Aufstecknocke aus Kunststoff f\u00fcr Pin Inserts. Die Nocke ist mit zwei verschieden gro\u00dfen Nockbetten erh\u00e4ltlich. Momentan nur als &#8220;Small&#8221; erh\u00e4ltlich. Bei Dacronsehnen sowie der Whisperstring (ab 8 Str\u00e4nge) sollte die gro\u00dfe Nocke passen (large). Bei FastFlight Sehnen bis 14 Str\u00e4ngen ist die kleine Nocke zu empfehlen (small). Pin [&hellip;]<\/p>\n","protected":false},"featured_media":1361,"comment_status":"open","ping_status":"closed","template":"","meta":[],"product_brand":[],"product_cat":[434],"product_tag":[24,396,401,402],"class_list":{"0":"post-1360","1":"product","2":"type-product","3":"status-publish","4":"has-post-thumbnail","6":"product_cat-nocken-carbonpfeile","7":"product_tag-avalon","8":"product_tag-skylon","9":"product_tag-nocken","10":"product_tag-pin-nock","12":"first","13":"instock","14":"taxable","15":"shipping-taxable","16":"purchasable","17":"product-type-variable"},"_links":{"self":[{"href":"https:\/\/shop.xn--altmhl-bogensport-52b.de\/index.php?rest_route=\/wp\/v2\/product\/1360","targetHints":{"allow":["GET"]}}],"collection":[{"href":"https:\/\/shop.xn--altmhl-bogensport-52b.de\/index.php?rest_route=\/wp\/v2\/product"}],"about":[{"href":"https:\/\/shop.xn--altmhl-bogensport-52b.de\/index.php?rest_route=\/wp\/v2\/types\/product"}],"replies":[{"embeddable":true,"href":"https:\/\/shop.xn--altmhl-bogensport-52b.de\/index.php?rest_route=%2Fwp%2Fv2%2Fcomments&post=1360"}],"wp:featuredmedia":[{"embeddable":true,"href":"https:\/\/shop.xn--altmhl-bogensport-52b.de\/index.php?rest_route=\/wp\/v2\/media\/1361"}],"wp:attachment":[{"href":"https:\/\/shop.xn--altmhl-bogensport-52b.de\/index.php?rest_route=%2Fwp%2Fv2%2Fmedia&parent=1360"}],"wp:term":[{"taxonomy":"product_brand","embeddable":true,"href":"https:\/\/shop.xn--altmhl-bogensport-52b.de\/index.php?rest_route=%2Fwp%2Fv2%2Fproduct_brand&post=1360"},{"taxonomy":"product_cat","embeddable":true,"href":"https:\/\/shop.xn--altmhl-bogensport-52b.de\/index.php?rest_route=%2Fwp%2Fv2%2Fproduct_cat&post=1360"},{"taxonomy":"product_tag","embeddable":true,"href":"https:\/\/shop.xn--altmhl-bogensport-52b.de\/index.php?rest_route=%2Fwp%2Fv2%2Fproduct_tag&post=1360"}],"curies":[{"name":"wp","href":"https:\/\/api.w.org\/{rel}","templated":true}]}}