{"id":116,"date":"2019-09-22T13:40:58","date_gmt":"2019-09-22T13:40:58","guid":{"rendered":"http:\/\/shop.xn--altmhl-bogensport-52b.de\/?post_type=product&#038;p=116"},"modified":"2025-06-03T15:44:53","modified_gmt":"2025-06-03T15:44:53","slug":"antur-tipschutz-endenschutz","status":"publish","type":"product","link":"https:\/\/shop.xn--altmhl-bogensport-52b.de\/?product=antur-tipschutz-endenschutz","title":{"rendered":"Antur Tipschutz Endenschutz"},"content":{"rendered":"<p>Der Endenschutz mit \u00d6ffnung f\u00fcr die Sehne ist aus Gummi und in transparent oder grau erh\u00e4ltlich.<\/p>\n<p>Dieser Tipschutz sch\u00fctzt das Wurfarmende nicht nur sicher gegen Besch\u00e4digungen, er verhindert auch ein Abrutschen der Sehne vom unteren Wurfarm.<\/p>\n<ul>\n<li>Material: Gummi<\/li>\n<li>Farbe: transparent oder grau<\/li>\n<\/ul>\n<p>&nbsp;<\/p>\n<p><strong>Herstellername:<\/strong><br \/>\nBSW Handels GmbH<br \/>\n<strong>Anschrift:<\/strong><br \/>\nDemminer Strasse 32, 17389 Anklam<br \/>\n<strong>Herkunftsland:<\/strong><br \/>\nDeutschland<br \/>\n<strong>Webseite:<\/strong><br \/>\nhttps:\/\/anturbows.com\/<br \/>\n<strong>Kontakt:<\/strong><br \/>\ninfo@anturbows.com<br \/>\n<strong>Marke:<\/strong><br \/>\nAntur Archery<\/p>\n","protected":false},"excerpt":{"rendered":"<p>Tipschutz Endenschutz Antur<\/p>\n","protected":false},"featured_media":640,"comment_status":"open","ping_status":"closed","template":"","meta":[],"product_brand":[],"product_cat":[204,28],"product_tag":[50,56,57,181,393,1302,1406],"class_list":{"0":"post-116","1":"product","2":"type-product","3":"status-publish","4":"has-post-thumbnail","6":"product_cat-bogenzubehoer","7":"product_cat-sonstiges","8":"product_tag-antur","9":"product_tag-tipschutz","10":"product_tag-endenschutz","11":"product_tag-recurvebogen","12":"product_tag-jagdbogen","13":"product_tag-wurfarmschutz","14":"product_tag-schutzkappe","16":"first","17":"instock","18":"taxable","19":"shipping-taxable","20":"purchasable","21":"product-type-variable"},"_links":{"self":[{"href":"https:\/\/shop.xn--altmhl-bogensport-52b.de\/index.php?rest_route=\/wp\/v2\/product\/116","targetHints":{"allow":["GET"]}}],"collection":[{"href":"https:\/\/shop.xn--altmhl-bogensport-52b.de\/index.php?rest_route=\/wp\/v2\/product"}],"about":[{"href":"https:\/\/shop.xn--altmhl-bogensport-52b.de\/index.php?rest_route=\/wp\/v2\/types\/product"}],"replies":[{"embeddable":true,"href":"https:\/\/shop.xn--altmhl-bogensport-52b.de\/index.php?rest_route=%2Fwp%2Fv2%2Fcomments&post=116"}],"wp:featuredmedia":[{"embeddable":true,"href":"https:\/\/shop.xn--altmhl-bogensport-52b.de\/index.php?rest_route=\/wp\/v2\/media\/640"}],"wp:attachment":[{"href":"https:\/\/shop.xn--altmhl-bogensport-52b.de\/index.php?rest_route=%2Fwp%2Fv2%2Fmedia&parent=116"}],"wp:term":[{"taxonomy":"product_brand","embeddable":true,"href":"https:\/\/shop.xn--altmhl-bogensport-52b.de\/index.php?rest_route=%2Fwp%2Fv2%2Fproduct_brand&post=116"},{"taxonomy":"product_cat","embeddable":true,"href":"https:\/\/shop.xn--altmhl-bogensport-52b.de\/index.php?rest_route=%2Fwp%2Fv2%2Fproduct_cat&post=116"},{"taxonomy":"product_tag","embeddable":true,"href":"https:\/\/shop.xn--altmhl-bogensport-52b.de\/index.php?rest_route=%2Fwp%2Fv2%2Fproduct_tag&post=116"}],"curies":[{"name":"wp","href":"https:\/\/api.w.org\/{rel}","templated":true}]}}