{"id":1158,"date":"2021-08-13T13:53:30","date_gmt":"2021-08-13T13:53:30","guid":{"rendered":"https:\/\/shop.xn--altmhl-bogensport-52b.de\/?post_type=product&#038;p=1158"},"modified":"2025-07-30T17:24:55","modified_gmt":"2025-07-30T17:24:55","slug":"penthalon-speed-nocke-245","status":"publish","type":"product","link":"https:\/\/shop.xn--altmhl-bogensport-52b.de\/?product=penthalon-speed-nocke-245","title":{"rendered":"Bearpaw Penthalon Speed Nocke .245"},"content":{"rendered":"<p>Die Nocken von Carbonpfeilen m\u00fcssen pr\u00e4zise und haltbar sein. Bei der Herstellung von hochwertigen Nocken sollte man hinsichtlich des Materials und auch der Herstellung keinerlei Kompromisse eingehen. Aus diesem Grund haben wir die Produktion der Nocken f\u00fcr unsere Penthalon Carbonpfeile jetzt selber in die Hand genommen und produzieren in Deutschland. Hier am Produktionsstandort Deutschland k\u00f6nnen wir die Qualit\u00e4t und die Produktionsabl\u00e4ufe f\u00fcr unsere Nocken perfekt \u00fcberwachen. Die Penthalon Speed Nocke unterliegt der st\u00e4ndigen Qualit\u00e4tskontrolle unserer Fachleute aus dem Bereich des Bogensports und der Herstellung!<\/p>\n<ul>\n<li>Farben: wei\u00df, schwarz, gelb, fl. rot, fl. orange, fl. gr\u00fcn und transparent<\/li>\n<li>Gewicht: 11,8 grs.<\/li>\n<li>Qualit\u00e4t: Made in Germany<\/li>\n<li>Verwendung: Stecknocken f\u00fcr alle Penthalon Carbonsch\u00e4fte aus der Traditional Serie, Penthalon Hunter Extreme und Easton Sch\u00e4fte mit einem Durchmesser von .245 inches<\/li>\n<\/ul>\n<p style=\"text-align: center;\">In verschiedenen Farben lieferbar.<\/p>\n<p>&nbsp;<\/p>\n<table class=\"table table-sm\">\n<tbody>\n<tr class=\"attr-custom\">\n<td class=\"attr-value\"><strong>Herstellername:<\/strong><br \/>\nBEARPAW GmbH<br \/>\n<strong>Anschrift:<\/strong><br \/>\nHannebach 30, 96269 Rossach<br \/>\n<strong>Herkunftsland:<\/strong><br \/>\nDeutschland<br \/>\n<strong>Webseite:<\/strong><br \/>\nhttps:\/\/www.bearpaw-products.de\/<br \/>\n<strong>Kontakt:<\/strong><br \/>\ninfo@bearpaw-products.com<br \/>\n<strong>Marke:<\/strong><br \/>\nBearpaw Products<\/td>\n<\/tr>\n<\/tbody>\n<\/table>\n","protected":false},"excerpt":{"rendered":"<h5 class=\"product--title\">Penthalon Speed Nocke .245<\/h5>\n","protected":false},"featured_media":1160,"comment_status":"open","ping_status":"closed","template":"","meta":[],"product_brand":[],"product_cat":[434],"product_tag":[30,67,71,89,149,367],"class_list":{"0":"post-1158","1":"product","2":"type-product","3":"status-publish","4":"has-post-thumbnail","6":"product_cat-nocken-carbonpfeile","7":"product_tag-bearpaw","8":"product_tag-nocke","9":"product_tag-push-in","10":"product_tag-penthalon","11":"product_tag-einstecknocke","12":"product_tag-speed-nocke","14":"first","15":"instock","16":"taxable","17":"shipping-taxable","18":"purchasable","19":"product-type-variable"},"_links":{"self":[{"href":"https:\/\/shop.xn--altmhl-bogensport-52b.de\/index.php?rest_route=\/wp\/v2\/product\/1158","targetHints":{"allow":["GET"]}}],"collection":[{"href":"https:\/\/shop.xn--altmhl-bogensport-52b.de\/index.php?rest_route=\/wp\/v2\/product"}],"about":[{"href":"https:\/\/shop.xn--altmhl-bogensport-52b.de\/index.php?rest_route=\/wp\/v2\/types\/product"}],"replies":[{"embeddable":true,"href":"https:\/\/shop.xn--altmhl-bogensport-52b.de\/index.php?rest_route=%2Fwp%2Fv2%2Fcomments&post=1158"}],"wp:featuredmedia":[{"embeddable":true,"href":"https:\/\/shop.xn--altmhl-bogensport-52b.de\/index.php?rest_route=\/wp\/v2\/media\/1160"}],"wp:attachment":[{"href":"https:\/\/shop.xn--altmhl-bogensport-52b.de\/index.php?rest_route=%2Fwp%2Fv2%2Fmedia&parent=1158"}],"wp:term":[{"taxonomy":"product_brand","embeddable":true,"href":"https:\/\/shop.xn--altmhl-bogensport-52b.de\/index.php?rest_route=%2Fwp%2Fv2%2Fproduct_brand&post=1158"},{"taxonomy":"product_cat","embeddable":true,"href":"https:\/\/shop.xn--altmhl-bogensport-52b.de\/index.php?rest_route=%2Fwp%2Fv2%2Fproduct_cat&post=1158"},{"taxonomy":"product_tag","embeddable":true,"href":"https:\/\/shop.xn--altmhl-bogensport-52b.de\/index.php?rest_route=%2Fwp%2Fv2%2Fproduct_tag&post=1158"}],"curies":[{"name":"wp","href":"https:\/\/api.w.org\/{rel}","templated":true}]}}