{"id":1134,"date":"2021-08-12T18:19:15","date_gmt":"2021-08-12T18:19:15","guid":{"rendered":"https:\/\/shop.xn--altmhl-bogensport-52b.de\/?post_type=product&#038;p=1134"},"modified":"2024-12-29T15:44:57","modified_gmt":"2024-12-29T15:44:57","slug":"srt-targets-otter-gruppe-4","status":"publish","type":"product","link":"https:\/\/shop.xn--altmhl-bogensport-52b.de\/?product=srt-targets-otter-gruppe-4","title":{"rendered":"SRT Targets Otter Gruppe 4"},"content":{"rendered":"<p>SRT\u00a0Otter<\/p>\n<p>Die Firma SRT wurde 1994 gegr\u00fcndet und ist seitdem bekannt f\u00fcr seine detaillierten und naturgetreuen 3D Nachbildungen europ\u00e4ischer\u00a0Tiere, deren Qualit\u00e4t ihresgleichen sucht. SRT bietet eine Vielzahl verschiedener\u00a0Tiere an, deren Gestaltung der Killzonen sich nach den IBO Regeln richten. Nicht nur deshalb ist SRT\u00a0die am h\u00e4ufigsten verwendete Marke bei nationalen und internationalen IFAA, FITA und FIARC Wettbewerben, sondern auch europ\u00e4ischer Marktf\u00fchrer.<\/p>\n<p>Bei der\u00a0Produktion der 3D-Ziele denkt SRT auch an die Umwelt. So ist der verwendete Polyurethan-Schaum (PU) FCKW-frei und die verwendeten, wasserbasierten Farben l\u00f6sungsmittelfrei.<\/p>\n<p>Technische Daten:<br \/>\nL\u00e4nge: 60cm<br \/>\nH\u00f6he: 35cm<br \/>\nAnzahl der Einzelteile: 1<\/p>\n<p>FITA-Gruppe: 4<br \/>\nAnzahl der Ringe: 3<\/p>\n<p>&nbsp;<\/p>\n<p><strong>Herstellername:<\/strong><br \/>\nSRT-Targets srl<br \/>\n<strong>Anschrift:<\/strong><br \/>\nVia Milano 129, 22063 Cantu<br \/>\n<strong>Herkunftsland:<\/strong><br \/>\nItalien<br \/>\n<strong>Webseite:<\/strong><br \/>\nhttps:\/\/www.srt-targets.com\/<br \/>\n<strong>Kontakt:<\/strong><br \/>\nandrea@srt-targets.com<br \/>\n<strong>Marke:<\/strong><br \/>\nSRT Targets<\/p>\n","protected":false},"excerpt":{"rendered":"<p>3D Ziel SRT Otter<\/p>\n","protected":false},"featured_media":1135,"comment_status":"open","ping_status":"closed","template":"","meta":[],"product_brand":[],"product_cat":[224],"product_tag":[177,226,237,264],"class_list":{"0":"post-1134","1":"product","2":"type-product","3":"status-publish","4":"has-post-thumbnail","6":"product_cat-srt-targets","7":"product_tag-3d-ziel","8":"product_tag-srt","9":"product_tag-3d-target","10":"product_tag-otter","12":"first","13":"onbackorder","14":"taxable","15":"shipping-taxable","16":"purchasable","17":"product-type-simple"},"_links":{"self":[{"href":"https:\/\/shop.xn--altmhl-bogensport-52b.de\/index.php?rest_route=\/wp\/v2\/product\/1134","targetHints":{"allow":["GET"]}}],"collection":[{"href":"https:\/\/shop.xn--altmhl-bogensport-52b.de\/index.php?rest_route=\/wp\/v2\/product"}],"about":[{"href":"https:\/\/shop.xn--altmhl-bogensport-52b.de\/index.php?rest_route=\/wp\/v2\/types\/product"}],"replies":[{"embeddable":true,"href":"https:\/\/shop.xn--altmhl-bogensport-52b.de\/index.php?rest_route=%2Fwp%2Fv2%2Fcomments&post=1134"}],"wp:featuredmedia":[{"embeddable":true,"href":"https:\/\/shop.xn--altmhl-bogensport-52b.de\/index.php?rest_route=\/wp\/v2\/media\/1135"}],"wp:attachment":[{"href":"https:\/\/shop.xn--altmhl-bogensport-52b.de\/index.php?rest_route=%2Fwp%2Fv2%2Fmedia&parent=1134"}],"wp:term":[{"taxonomy":"product_brand","embeddable":true,"href":"https:\/\/shop.xn--altmhl-bogensport-52b.de\/index.php?rest_route=%2Fwp%2Fv2%2Fproduct_brand&post=1134"},{"taxonomy":"product_cat","embeddable":true,"href":"https:\/\/shop.xn--altmhl-bogensport-52b.de\/index.php?rest_route=%2Fwp%2Fv2%2Fproduct_cat&post=1134"},{"taxonomy":"product_tag","embeddable":true,"href":"https:\/\/shop.xn--altmhl-bogensport-52b.de\/index.php?rest_route=%2Fwp%2Fv2%2Fproduct_tag&post=1134"}],"curies":[{"name":"wp","href":"https:\/\/api.w.org\/{rel}","templated":true}]}}