{"id":11,"date":"2019-09-17T16:54:41","date_gmt":"2019-09-17T16:54:41","guid":{"rendered":"http:\/\/shop.xn--altmhl-bogensport-52b.de\/?post_type=product&#038;p=11"},"modified":"2026-03-17T08:07:29","modified_gmt":"2026-03-17T08:07:29","slug":"carbonschaft-warrior-inkl-nock-insert-goldtip","status":"publish","type":"product","link":"https:\/\/shop.xn--altmhl-bogensport-52b.de\/?product=carbonschaft-warrior-inkl-nock-insert-goldtip","title":{"rendered":"Carbonschaft &#8220;Warrior&#8221; (Inkl. Nock + Insert) GOLDTIP"},"content":{"rendered":"<h2>Warrior Carbonschaft von Gold Tip<\/h2>\n<p>Ein 100% Carbonschaft von GoldTip zum unschlagbaren Preis. Das Carbon ist Kreuzgewickelt.<\/p>\n<p>Der Schaft wird mit einem Accu Light Insert und einer Push In Nock geliefert. Nock und Insert sind nicht geklebt.<\/p>\n<p>Eine Auswahl der Nockfarbe ist leider nicht m\u00f6glich, der Warrior wird immer mit wei\u00dfer Nocke ausgeliefert. Wenn Sie eine spezielle Farbe brauchen, m\u00fcssen Sie die Nocken zus\u00e4tzlich bestellen.<\/p>\n<p>&nbsp;<\/p>\n<p>Folgende Komponenten passen in den <strong>Warrior Carbonschaft<\/strong>:<\/p>\n<ul>\n<li>Spitzen:\u00a0<a href=\"https:\/\/shop.xn--altmhl-bogensport-52b.de\/?product=tophat-3d-combo-schraubspitze-mit-schraubsicherung-o-ring-5-16\">Einschraubspitzen<\/a>.<\/li>\n<li>Insert:\u00a0<a href=\"https:\/\/shop.xn--altmhl-bogensport-52b.de\/?product=insert-accu-light-246-fuer-carbonpfeil-pfeilschaft-gt-goldtip\">Accu Light Insert GOLDTIP<\/a>,\u00a0Long Insert PENTHALON 0.246,\u00a0Penthalon Speed Insert 0.246,\u00a0TOPHAT\u00ae Insert 5\/16<\/li>\n<li>Nocke:\u00a0<a href=\"https:\/\/shop.xn--altmhl-bogensport-52b.de\/?product=goldtip-push-in-nock-246-standard\">Push in Nock GOLDTIP<\/a><\/li>\n<li><a href=\"https:\/\/shop.xn--altmhl-bogensport-52b.de\/?product=tophat-protector-ring\">Protectorringe<\/a><\/li>\n<\/ul>\n<p>&nbsp;<\/p>\n<p>&#8220;Der Carbonschaft zum kleinen Preis.<\/p>\n<p>Mit dem Warrior k\u00f6nnen wir einen &#8220;Top Carbonschaft&#8221; zu einem tollen Preis anbieten. Qualit\u00e4t und Preis sind hier im optimalen Bereich. Der Carbonschaft mit Memory Effekt und hervorragenden Eigenschaften.<\/p>\n<ul>\n<li>Verf\u00fcgbare Spinewerte: 700, 600, 500, 400 und 340<\/li>\n<li>Durchmesser: 5\/16<\/li>\n<li>L\u00e4nge 30 Zoll: 700 (5,4 gpi), 600 (5,7 gpi) und 500 (7,4 gpi)<\/li>\n<li>L\u00e4nge 32 \u00a0Zoll: 400 8,2 gpi) und 340 (8,9 gpi)<\/li>\n<li>Optik: Schwarz<\/li>\n<li>Qualit\u00e4t: 100% Carbon<\/li>\n<li>Lieferumfang: Carbonschaft, Push In Nocke, Accu Light Insert&#8221;<\/li>\n<\/ul>\n<h3>Welche Protectorringe passen zum Warrior?<\/h3>\n<p>Dies sind die passenden Protectorringe von TopHat f\u00fcr die jeweiligen Spinewerte:<\/p>\n<ul>\n<li>340 &#8211; 7,75<\/li>\n<li>400 &#8211; 7,6<\/li>\n<li>500 &#8211; 7,45<\/li>\n<li>600 &#8211; 7,3<\/li>\n<li>700 &#8211; 7,15<\/li>\n<\/ul>\n<p>&nbsp;<\/p>\n<table class=\"table table-sm\">\n<tbody>\n<tr class=\"attr-custom\">\n<td><b>Herstellerangaben<\/b>:<\/td>\n<td class=\"attr-value\"><strong>Herstellername:<\/strong><br \/>\nVISTA OUTDOOR LLC<br \/>\n<strong>Anschrift:<\/strong><br \/>\n3985 N 75 W, Hyde Park, UT 84318<br \/>\n<strong>Herkunftsland:<\/strong><br \/>\nUSA<br \/>\n<strong>Webseite:<\/strong><br \/>\nhttps:\/\/www.goldtip.com\/<br \/>\n<strong>Kontakt:<\/strong><br \/>\ncustomerservice@goldtip.com<br \/>\n<strong>Marke:<\/strong><br \/>\nGOLD TIP<\/td>\n<\/tr>\n<tr class=\"attr-custom\">\n<td><b>Verantwortliche Person<\/b>:<\/td>\n<td class=\"attr-value\"><strong>verantwortliche Person:<\/strong><br \/>\nJVD Group B.V.<br \/>\n<strong>Anschrift:<\/strong><br \/>\nLooier 9, 5253 RA Nieuwkuijk<br \/>\n<strong>Herkunftsland:<\/strong><br \/>\nNiederlande<br \/>\n<strong>Kontakt:<\/strong><br \/>\ncontact@jvd-group.com<\/td>\n<\/tr>\n<\/tbody>\n<\/table>\n<p>&nbsp;<\/p>\n","protected":false},"excerpt":{"rendered":"<p>Carbonschaft Warrior<\/p>\n","protected":false},"featured_media":13,"comment_status":"open","ping_status":"closed","template":"","meta":[],"product_brand":[],"product_cat":[19],"product_tag":[72,74,437,823],"class_list":{"0":"post-11","1":"product","2":"type-product","3":"status-publish","4":"has-post-thumbnail","6":"product_cat-carbonschaefte","7":"product_tag-carbonschaft","8":"product_tag-goldtip","9":"product_tag-warrior","10":"product_tag-gt","12":"first","13":"instock","14":"taxable","15":"shipping-taxable","16":"purchasable","17":"product-type-variable"},"_links":{"self":[{"href":"https:\/\/shop.xn--altmhl-bogensport-52b.de\/index.php?rest_route=\/wp\/v2\/product\/11","targetHints":{"allow":["GET"]}}],"collection":[{"href":"https:\/\/shop.xn--altmhl-bogensport-52b.de\/index.php?rest_route=\/wp\/v2\/product"}],"about":[{"href":"https:\/\/shop.xn--altmhl-bogensport-52b.de\/index.php?rest_route=\/wp\/v2\/types\/product"}],"replies":[{"embeddable":true,"href":"https:\/\/shop.xn--altmhl-bogensport-52b.de\/index.php?rest_route=%2Fwp%2Fv2%2Fcomments&post=11"}],"wp:featuredmedia":[{"embeddable":true,"href":"https:\/\/shop.xn--altmhl-bogensport-52b.de\/index.php?rest_route=\/wp\/v2\/media\/13"}],"wp:attachment":[{"href":"https:\/\/shop.xn--altmhl-bogensport-52b.de\/index.php?rest_route=%2Fwp%2Fv2%2Fmedia&parent=11"}],"wp:term":[{"taxonomy":"product_brand","embeddable":true,"href":"https:\/\/shop.xn--altmhl-bogensport-52b.de\/index.php?rest_route=%2Fwp%2Fv2%2Fproduct_brand&post=11"},{"taxonomy":"product_cat","embeddable":true,"href":"https:\/\/shop.xn--altmhl-bogensport-52b.de\/index.php?rest_route=%2Fwp%2Fv2%2Fproduct_cat&post=11"},{"taxonomy":"product_tag","embeddable":true,"href":"https:\/\/shop.xn--altmhl-bogensport-52b.de\/index.php?rest_route=%2Fwp%2Fv2%2Fproduct_tag&post=11"}],"curies":[{"name":"wp","href":"https:\/\/api.w.org\/{rel}","templated":true}]}}