{"id":1041,"date":"2021-08-07T09:41:49","date_gmt":"2021-08-07T09:41:49","guid":{"rendered":"http:\/\/shop.xn--altmhl-bogensport-52b.de\/?post_type=product&#038;p=1041"},"modified":"2025-01-05T11:26:50","modified_gmt":"2025-01-05T11:26:50","slug":"pfeilauflage-avalon-tyro-metal-selbstklebend-rh","status":"publish","type":"product","link":"https:\/\/shop.xn--altmhl-bogensport-52b.de\/?product=pfeilauflage-avalon-tyro-metal-selbstklebend-rh","title":{"rendered":"Pfeilauflage RH Avalon Tyro Metal selbstklebend"},"content":{"rendered":"<p>Die\u00a0 \u00a0Auflage Tyro besteht aus Metall mit einem Federstahl.<\/p>\n<p>G\u00fcnstige Pfeilauflage f\u00fcr Anf\u00e4nger, durch die selbstklebende Tr\u00e4gerplatte schnell zu wechseln.<\/p>\n<p>Rechtshand Modell<\/p>\n<p><strong>Herstellername:<\/strong><br \/>\nS.S.A. Sporting Goods NV<br \/>\n<strong>Anschrift:<\/strong><br \/>\nJohn Cordierlaan 15, 8400 Ostende<br \/>\n<strong>Herkunftsland:<\/strong><br \/>\nBelgien<br \/>\n<strong>Webseite:<\/strong><br \/>\nhttps:\/\/www.ssa-archery.com\/de-de\/<br \/>\n<strong>Kontakt:<\/strong><br \/>\nhttps:\/\/www.ssa-archery.com\/de-de\/contact-us<br \/>\n<strong>Marke:<\/strong><br \/>\nAvalon<\/p>\n","protected":false},"excerpt":{"rendered":"<p>Pfeilauflage\u00a0 Avalon Tyro Metal<\/p>\n","protected":false},"featured_media":1042,"comment_status":"open","ping_status":"closed","template":"","meta":[],"product_brand":[],"product_cat":[38,1448],"product_tag":[127,132,24],"class_list":{"0":"post-1041","1":"product","2":"type-product","3":"status-publish","4":"has-post-thumbnail","6":"product_cat-pfeilauflagen","7":"product_cat-inventurabverkauf","8":"product_tag-pfeilauflage","9":"product_tag-tyro","10":"product_tag-avalon","12":"first","13":"instock","14":"taxable","15":"shipping-taxable","16":"purchasable","17":"product-type-simple"},"_links":{"self":[{"href":"https:\/\/shop.xn--altmhl-bogensport-52b.de\/index.php?rest_route=\/wp\/v2\/product\/1041","targetHints":{"allow":["GET"]}}],"collection":[{"href":"https:\/\/shop.xn--altmhl-bogensport-52b.de\/index.php?rest_route=\/wp\/v2\/product"}],"about":[{"href":"https:\/\/shop.xn--altmhl-bogensport-52b.de\/index.php?rest_route=\/wp\/v2\/types\/product"}],"replies":[{"embeddable":true,"href":"https:\/\/shop.xn--altmhl-bogensport-52b.de\/index.php?rest_route=%2Fwp%2Fv2%2Fcomments&post=1041"}],"wp:featuredmedia":[{"embeddable":true,"href":"https:\/\/shop.xn--altmhl-bogensport-52b.de\/index.php?rest_route=\/wp\/v2\/media\/1042"}],"wp:attachment":[{"href":"https:\/\/shop.xn--altmhl-bogensport-52b.de\/index.php?rest_route=%2Fwp%2Fv2%2Fmedia&parent=1041"}],"wp:term":[{"taxonomy":"product_brand","embeddable":true,"href":"https:\/\/shop.xn--altmhl-bogensport-52b.de\/index.php?rest_route=%2Fwp%2Fv2%2Fproduct_brand&post=1041"},{"taxonomy":"product_cat","embeddable":true,"href":"https:\/\/shop.xn--altmhl-bogensport-52b.de\/index.php?rest_route=%2Fwp%2Fv2%2Fproduct_cat&post=1041"},{"taxonomy":"product_tag","embeddable":true,"href":"https:\/\/shop.xn--altmhl-bogensport-52b.de\/index.php?rest_route=%2Fwp%2Fv2%2Fproduct_tag&post=1041"}],"curies":[{"name":"wp","href":"https:\/\/api.w.org\/{rel}","templated":true}]}}