{"id":745,"date":"2021-07-31T17:46:32","date_gmt":"2021-07-31T17:46:32","guid":{"rendered":"http:\/\/shop.xn--altmhl-bogensport-52b.de\/?page_id=745"},"modified":"2022-07-13T18:36:46","modified_gmt":"2022-07-13T18:36:46","slug":"versandarten","status":"publish","type":"page","link":"https:\/\/shop.xn--altmhl-bogensport-52b.de\/?page_id=745","title":{"rendered":"Versandarten"},"content":{"rendered":"\n<h2 class=\"wp-block-heading\">Versandbedingungen<\/h2>\n\n\n\n<p>Die Lieferung der Ware erfolgt vorerst nur Deutschlandweit. Alle unsere Versandkosten sind inklusive der gesetzlichen Mehrwertsteuer.<\/p>\n\n\n\n<p>Unsere Lieferungen werden mit DHL, sowie in Ausnahmef\u00e4llen mit anderen Paketdiensten an Sie verschickt. <\/p>\n\n\n\n<p><strong>Lieferungen im Inland (Deutschland):<\/strong><\/p>\n\n\n\n<p>Wir berechnen eine Versandkostenpauschale von 5,90 \u20ac.<\/p>\n\n\n\n<p>Sollte bei \u00dcbergr\u00f6\u00dfen der Versand per Spedition notwendig sein teilen wir Ihnen dies mit.&nbsp;<br><br><strong>Lieferfristen:<\/strong><\/p>\n\n\n\n<p>Soweit im jeweiligen Angebot keine andere Frist angegeben ist, erfolgt die Lieferung der Ware im Inland (Deutschland) innerhalb von 3-5 Tagen, bei Auslandslieferungen innerhalb von 5-7 Tagen nach Vertragsschluss (bei vereinbarter Vorauszahlung nach dem Zeitpunkt Ihrer Zahlungsanweisung). Bitte beachte dabei, dass an Sonn- und Feiertagen keine Zustellung erfolgt.<\/p>\n\n\n\n<p>Bei Selbstabholung informieren wir Dich per E-Mail \u00fcber die Bereitstellung der Ware und die Abholm\u00f6glichkeiten. In diesem Fall werden keine Versandkosten berechnet.<\/p>\n","protected":false},"excerpt":{"rendered":"<p>Versandbedingungen Die Lieferung der Ware erfolgt vorerst nur Deutschlandweit. Alle unsere Versandkosten sind inklusive der gesetzlichen Mehrwertsteuer. Unsere Lieferungen werden mit DHL, sowie in Ausnahmef\u00e4llen mit anderen Paketdiensten an Sie verschickt. Lieferungen im Inland (Deutschland): Wir berechnen eine Versandkostenpauschale von 5,90 \u20ac. Sollte bei \u00dcbergr\u00f6\u00dfen der Versand per Spedition notwendig sein teilen wir Ihnen dies [&hellip;]<\/p>\n","protected":false},"author":1,"featured_media":0,"parent":0,"menu_order":0,"comment_status":"closed","ping_status":"closed","template":"","meta":{"footnotes":""},"class_list":["post-745","page","type-page","status-publish","hentry"],"_links":{"self":[{"href":"https:\/\/shop.xn--altmhl-bogensport-52b.de\/index.php?rest_route=\/wp\/v2\/pages\/745","targetHints":{"allow":["GET"]}}],"collection":[{"href":"https:\/\/shop.xn--altmhl-bogensport-52b.de\/index.php?rest_route=\/wp\/v2\/pages"}],"about":[{"href":"https:\/\/shop.xn--altmhl-bogensport-52b.de\/index.php?rest_route=\/wp\/v2\/types\/page"}],"author":[{"embeddable":true,"href":"https:\/\/shop.xn--altmhl-bogensport-52b.de\/index.php?rest_route=\/wp\/v2\/users\/1"}],"replies":[{"embeddable":true,"href":"https:\/\/shop.xn--altmhl-bogensport-52b.de\/index.php?rest_route=%2Fwp%2Fv2%2Fcomments&post=745"}],"version-history":[{"count":4,"href":"https:\/\/shop.xn--altmhl-bogensport-52b.de\/index.php?rest_route=\/wp\/v2\/pages\/745\/revisions"}],"predecessor-version":[{"id":3939,"href":"https:\/\/shop.xn--altmhl-bogensport-52b.de\/index.php?rest_route=\/wp\/v2\/pages\/745\/revisions\/3939"}],"wp:attachment":[{"href":"https:\/\/shop.xn--altmhl-bogensport-52b.de\/index.php?rest_route=%2Fwp%2Fv2%2Fmedia&parent=745"}],"curies":[{"name":"wp","href":"https:\/\/api.w.org\/{rel}","templated":true}]}}