{"id":3387,"date":"2022-01-07T15:31:37","date_gmt":"2022-01-07T15:31:37","guid":{"rendered":"https:\/\/shop.xn--altmhl-bogensport-52b.de\/?page_id=3387"},"modified":"2022-01-07T15:31:39","modified_gmt":"2022-01-07T15:31:39","slug":"batterieverordnung","status":"publish","type":"page","link":"https:\/\/shop.xn--altmhl-bogensport-52b.de\/?page_id=3387","title":{"rendered":"Batterieverordnung"},"content":{"rendered":"\n<p>Wir sind als H\u00e4ndler gem\u00e4\u00df Batterieverordnung verpflichtet, Sie als Verbraucher auf<br>folgendes hinzuweisen:<\/p>\n\n\n\n<p>Sie sind gesetzlich verpflichtet, Batterien und Akkus zur\u00fcckzugeben. Schadstoffhaltige<br>Batterien sind mit einem Zeichen, bestehend aus einer durchgestrichenen M\u00fclltonne und dem<br>chemischen Symbol (Cd, Hg oder Pb) des f\u00fcr die Einstufung als schadstoffhaltig<br>ausschlaggebenden Schwermetalls, versehen.<\/p>\n\n\n\n<p>Sie k\u00f6nnen diese nach Gebrauch in einer kommunalen Sammelstelle oder im Handel vor Ort<br>zur\u00fcckgeben. Die von uns vertriebenen Akkus und Batterien k\u00f6nnen Sie unentgeltlich zur<br>umweltgerechten Entsorgung an uns zur\u00fcck senden.<\/p>\n\n\n\n<p>Bitte senden Sie dazu die in unserem eShop erworbenen Akkus und Batterien ausreichend<br>frankiert zusammen mit einer Kopie unserer Rechnung sowie einem kurzen Hinweis<br>(&#8220;Batterieentsorgung&#8221;) an:<\/p>\n\n\n\n<p>Altm\u00fchl Bogensport<br>Roland Lemke<br>Altm\u00fchl 1<br>24884 Selk<\/p>\n","protected":false},"excerpt":{"rendered":"<p>Wir sind als H\u00e4ndler gem\u00e4\u00df Batterieverordnung verpflichtet, Sie als Verbraucher auffolgendes hinzuweisen: Sie sind gesetzlich verpflichtet, Batterien und Akkus zur\u00fcckzugeben. SchadstoffhaltigeBatterien sind mit einem Zeichen, bestehend aus einer durchgestrichenen M\u00fclltonne und demchemischen Symbol (Cd, Hg oder Pb) des f\u00fcr die Einstufung als schadstoffhaltigausschlaggebenden Schwermetalls, versehen. Sie k\u00f6nnen diese nach Gebrauch in einer kommunalen Sammelstelle oder [&hellip;]<\/p>\n","protected":false},"author":2,"featured_media":0,"parent":0,"menu_order":0,"comment_status":"closed","ping_status":"closed","template":"","meta":{"footnotes":""},"class_list":["post-3387","page","type-page","status-publish","hentry"],"_links":{"self":[{"href":"https:\/\/shop.xn--altmhl-bogensport-52b.de\/index.php?rest_route=\/wp\/v2\/pages\/3387","targetHints":{"allow":["GET"]}}],"collection":[{"href":"https:\/\/shop.xn--altmhl-bogensport-52b.de\/index.php?rest_route=\/wp\/v2\/pages"}],"about":[{"href":"https:\/\/shop.xn--altmhl-bogensport-52b.de\/index.php?rest_route=\/wp\/v2\/types\/page"}],"author":[{"embeddable":true,"href":"https:\/\/shop.xn--altmhl-bogensport-52b.de\/index.php?rest_route=\/wp\/v2\/users\/2"}],"replies":[{"embeddable":true,"href":"https:\/\/shop.xn--altmhl-bogensport-52b.de\/index.php?rest_route=%2Fwp%2Fv2%2Fcomments&post=3387"}],"version-history":[{"count":1,"href":"https:\/\/shop.xn--altmhl-bogensport-52b.de\/index.php?rest_route=\/wp\/v2\/pages\/3387\/revisions"}],"predecessor-version":[{"id":3388,"href":"https:\/\/shop.xn--altmhl-bogensport-52b.de\/index.php?rest_route=\/wp\/v2\/pages\/3387\/revisions\/3388"}],"wp:attachment":[{"href":"https:\/\/shop.xn--altmhl-bogensport-52b.de\/index.php?rest_route=%2Fwp%2Fv2%2Fmedia&parent=3387"}],"curies":[{"name":"wp","href":"https:\/\/api.w.org\/{rel}","templated":true}]}}