{"id":2,"date":"2016-05-10T03:48:21","date_gmt":"2016-05-10T03:48:21","guid":{"rendered":"http:\/\/shop.xn--altmhl-bogensport-52b.de\/?page_id=2"},"modified":"2022-07-13T18:25:39","modified_gmt":"2022-07-13T18:25:39","slug":"sample-page","status":"publish","type":"page","link":"https:\/\/shop.xn--altmhl-bogensport-52b.de\/","title":{"rendered":"Willkommen im Onlineshop von Altm\u00fchl Bogensport!"},"content":{"rendered":"<p class=\"elementor-heading-title elementor-size-default\">Neben dem Einkaufserlebnis vor Ort im Ladengesch\u00e4ft k\u00f6nnt Ihr zuk\u00fcnftig nun auch hier im neuen Onlineshop Euren Bedarf an Bogensportartikeln stillen.<\/p>\n<p>Bitte beachtet, dass sich der Shop noch im Aufbau befindet und die Artikel nach und nach eingepflegt werden. Es kann daher sein, dass noch nicht gleich das \u00fcbliche Sortiment hier zu finden ist.<\/p>\n<p>Viel Spa\u00df beim Einkaufen!<\/p>\n<p>Wer zufrieden ist, darf es gerne weitererz\u00e4hlen. Wer unzufrieden ist, darf mir das gerne mitteilen.<\/p>\n\n\n<div class=\"wp-block-media-text alignwide is-stacked-on-mobile\" style=\"grid-template-columns:15% auto\"><figure class=\"wp-block-media-text__media\"><img loading=\"lazy\" decoding=\"async\" width=\"244\" height=\"268\" src=\"https:\/\/shop.xn--altmhl-bogensport-52b.de\/wp-content\/uploads\/2021\/07\/cropped-Altmuehl_Logo_figur.png\" alt=\"\" class=\"wp-image-624 size-full\"\/><\/figure><div class=\"wp-block-media-text__content\">\n<p class=\"has-large-font-size\">Hinweise zur <strong>\u00d6ffnung des Ladengesch\u00e4fts<\/strong> und zur <strong>Selbstabholung<\/strong><\/p>\n\n\n\n<ul class=\"wp-block-list\"><li>Das Ladengesch\u00e4ft ist nach Absprache GE\u00d6FFNET. Bitte nehmen Sie Kontakt zu mir auf.<\/li><\/ul>\n\n\n\n<ul class=\"wp-block-list\"><li>Ihr k\u00f6nnt Euren Online-Einkauf auch zur Selbstabholung an der Kasse kennzeichnen. Neben den gesparten Versandkosten verbindet dies auch beide Vorteile des Online- und Ladengesch\u00e4fts. Bitte aber unbedingt einen <strong>Abholtermin vereinbaren<\/strong>.<\/li><\/ul>\n<\/div><\/div>\n\n\n\n<p><\/p>\n","protected":false},"excerpt":{"rendered":"<p>Neben dem Einkaufserlebnis vor Ort im Ladengesch\u00e4ft k\u00f6nnt Ihr zuk\u00fcnftig nun auch hier im neuen Onlineshop Euren Bedarf an Bogensportartikeln stillen. Bitte beachtet, dass sich der Shop noch im Aufbau befindet und die Artikel nach und nach eingepflegt werden. Es kann daher sein, dass noch nicht gleich das \u00fcbliche Sortiment hier zu finden ist. Viel [&hellip;]<\/p>\n","protected":false},"author":1,"featured_media":0,"parent":0,"menu_order":0,"comment_status":"closed","ping_status":"open","template":"","meta":{"footnotes":""},"class_list":["post-2","page","type-page","status-publish","hentry"],"_links":{"self":[{"href":"https:\/\/shop.xn--altmhl-bogensport-52b.de\/index.php?rest_route=\/wp\/v2\/pages\/2","targetHints":{"allow":["GET"]}}],"collection":[{"href":"https:\/\/shop.xn--altmhl-bogensport-52b.de\/index.php?rest_route=\/wp\/v2\/pages"}],"about":[{"href":"https:\/\/shop.xn--altmhl-bogensport-52b.de\/index.php?rest_route=\/wp\/v2\/types\/page"}],"author":[{"embeddable":true,"href":"https:\/\/shop.xn--altmhl-bogensport-52b.de\/index.php?rest_route=\/wp\/v2\/users\/1"}],"replies":[{"embeddable":true,"href":"https:\/\/shop.xn--altmhl-bogensport-52b.de\/index.php?rest_route=%2Fwp%2Fv2%2Fcomments&post=2"}],"version-history":[{"count":6,"href":"https:\/\/shop.xn--altmhl-bogensport-52b.de\/index.php?rest_route=\/wp\/v2\/pages\/2\/revisions"}],"predecessor-version":[{"id":3935,"href":"https:\/\/shop.xn--altmhl-bogensport-52b.de\/index.php?rest_route=\/wp\/v2\/pages\/2\/revisions\/3935"}],"wp:attachment":[{"href":"https:\/\/shop.xn--altmhl-bogensport-52b.de\/index.php?rest_route=%2Fwp%2Fv2%2Fmedia&parent=2"}],"curies":[{"name":"wp","href":"https:\/\/api.w.org\/{rel}","templated":true}]}}